{"id":16807,"date":"2020-10-02T18:10:29","date_gmt":"2020-10-02T18:10:29","guid":{"rendered":"https:\/\/premiergroup.ca\/email-disclaimer-notice\/"},"modified":"2020-10-23T19:40:48","modified_gmt":"2020-10-23T19:40:48","slug":"email-disclaimer-notice","status":"publish","type":"page","link":"https:\/\/premiergroup.ca\/fr\/email-disclaimer-notice\/","title":{"rendered":"Avis de non-responsabilit\u00e9 relatif aux"},"content":{"rendered":"\n<p><em>Ce message, y compris tout document qui y est annex\u00e9, peut contenir des renseignements confidentiels et priv\u00e9s destin\u00e9s exclusivement \u00e0 son destinataire. Toute utilisation, copie ou divulgation non autoris\u00e9e est strictement interdite. Si vous avez re\u00e7u ce message par erreur, veuillez en aviser imm\u00e9diatement l\u2019exp\u00e9diteur par courriel ou par t\u00e9l\u00e9phone au {Pager} et d\u00e9truire ou supprimer toutes les copies existantes de ce message. Nous prenons des mesures de protection raisonnables pour prot\u00e9ger toute information recueillie, utilis\u00e9e, conserv\u00e9e et divulgu\u00e9e dans le cadre de nos affaires; cependant, un courriel est susceptible d\u2019\u00eatre intercept\u00e9 par des tiers non autoris\u00e9s. Nous vous d\u00e9conseillons de communiquer par courriel des renseignements personnels ou sensibles. Si vous nous avez fourni votre adresse courriel ou que vous nous avez envoy\u00e9 un courriel, nous tenons pour acquis que vous acceptez de communiquer avec nous par courrier \u00e9lectronique. Si vous ne voulez pas recevoir de courriels de notre part, veuillez nous en aviser dans les plus brefs d\u00e9lais.<\/em><\/p>\n","protected":false},"excerpt":{"rendered":"<p>Ce message, y compris tout document qui y est annex\u00e9, peut contenir des renseignements confidentiels et priv\u00e9s destin\u00e9s exclusivement \u00e0 son destinataire. Toute utilisation, copie ou divulgation non autoris\u00e9e est strictement interdite. Si vous avez re\u00e7u ce message par erreur, &hellip; <a href=\"https:\/\/premiergroup.ca\/fr\/email-disclaimer-notice\/\">Suite<\/a><\/p>\n","protected":false},"author":9,"featured_media":0,"parent":0,"menu_order":0,"comment_status":"closed","ping_status":"closed","template":"","meta":{"_acf_changed":false,"footnotes":""},"class_list":["post-16807","page","type-page","status-publish","hentry"],"acf":[],"yoast_head":"<!-- This site is optimized with the Yoast SEO plugin v26.0 - https:\/\/yoast.com\/wordpress\/plugins\/seo\/ -->\n<title>Avis de non-responsabilit\u00e9 relatif aux | Premier<\/title>\n<meta name=\"robots\" content=\"index, follow, max-snippet:-1, max-image-preview:large, max-video-preview:-1\" \/>\n<link rel=\"canonical\" href=\"https:\/\/premiergroup.ca\/fr\/email-disclaimer-notice\/\" \/>\n<meta property=\"og:locale\" content=\"fr_FR\" \/>\n<meta property=\"og:type\" content=\"article\" \/>\n<meta property=\"og:title\" content=\"Avis de non-responsabilit\u00e9 relatif aux | Premier\" \/>\n<meta property=\"og:description\" content=\"Ce message, y compris tout document qui y est annex\u00e9, peut contenir des renseignements confidentiels et priv\u00e9s destin\u00e9s exclusivement \u00e0 son destinataire. Toute utilisation, copie ou divulgation non autoris\u00e9e est strictement interdite. Si vous avez re\u00e7u ce message par erreur, &hellip; Suite\" \/>\n<meta property=\"og:url\" content=\"https:\/\/premiergroup.ca\/fr\/email-disclaimer-notice\/\" \/>\n<meta property=\"og:site_name\" content=\"Premier\" \/>\n<meta property=\"article:modified_time\" content=\"2020-10-23T19:40:48+00:00\" \/>\n<meta name=\"twitter:label1\" content=\"Dur\u00e9e de lecture estim\u00e9e\" \/>\n\t<meta name=\"twitter:data1\" content=\"1 minute\" \/>\n<script type=\"application\/ld+json\" class=\"yoast-schema-graph\">{\"@context\":\"https:\/\/schema.org\",\"@graph\":[{\"@type\":\"WebPage\",\"@id\":\"https:\/\/premiergroup.ca\/fr\/email-disclaimer-notice\/\",\"url\":\"https:\/\/premiergroup.ca\/fr\/email-disclaimer-notice\/\",\"name\":\"Avis de non-responsabilit\u00e9 relatif aux | Premier\",\"isPartOf\":{\"@id\":\"https:\/\/premiergroup.ca\/fr\/#website\"},\"datePublished\":\"2020-10-02T18:10:29+00:00\",\"dateModified\":\"2020-10-23T19:40:48+00:00\",\"breadcrumb\":{\"@id\":\"https:\/\/premiergroup.ca\/fr\/email-disclaimer-notice\/#breadcrumb\"},\"inLanguage\":\"fr-FR\",\"potentialAction\":[{\"@type\":\"ReadAction\",\"target\":[\"https:\/\/premiergroup.ca\/fr\/email-disclaimer-notice\/\"]}]},{\"@type\":\"BreadcrumbList\",\"@id\":\"https:\/\/premiergroup.ca\/fr\/email-disclaimer-notice\/#breadcrumb\",\"itemListElement\":[{\"@type\":\"ListItem\",\"position\":1,\"name\":\"Home\",\"item\":\"https:\/\/premiergroup.ca\/fr\/\"},{\"@type\":\"ListItem\",\"position\":2,\"name\":\"Avis de non-responsabilit\u00e9 relatif aux\"}]},{\"@type\":\"WebSite\",\"@id\":\"https:\/\/premiergroup.ca\/fr\/#website\",\"url\":\"https:\/\/premiergroup.ca\/fr\/\",\"name\":\"Premier\",\"description\":\"think Premier...for all your Specialty needs.\",\"potentialAction\":[{\"@type\":\"SearchAction\",\"target\":{\"@type\":\"EntryPoint\",\"urlTemplate\":\"https:\/\/premiergroup.ca\/fr\/?s={search_term_string}\"},\"query-input\":{\"@type\":\"PropertyValueSpecification\",\"valueRequired\":true,\"valueName\":\"search_term_string\"}}],\"inLanguage\":\"fr-FR\"}]}<\/script>\n<!-- \/ Yoast SEO plugin. -->","yoast_head_json":{"title":"Avis de non-responsabilit\u00e9 relatif aux | Premier","robots":{"index":"index","follow":"follow","max-snippet":"max-snippet:-1","max-image-preview":"max-image-preview:large","max-video-preview":"max-video-preview:-1"},"canonical":"https:\/\/premiergroup.ca\/fr\/email-disclaimer-notice\/","og_locale":"fr_FR","og_type":"article","og_title":"Avis de non-responsabilit\u00e9 relatif aux | Premier","og_description":"Ce message, y compris tout document qui y est annex\u00e9, peut contenir des renseignements confidentiels et priv\u00e9s destin\u00e9s exclusivement \u00e0 son destinataire. Toute utilisation, copie ou divulgation non autoris\u00e9e est strictement interdite. Si vous avez re\u00e7u ce message par erreur, &hellip; Suite","og_url":"https:\/\/premiergroup.ca\/fr\/email-disclaimer-notice\/","og_site_name":"Premier","article_modified_time":"2020-10-23T19:40:48+00:00","twitter_misc":{"Dur\u00e9e de lecture estim\u00e9e":"1 minute"},"schema":{"@context":"https:\/\/schema.org","@graph":[{"@type":"WebPage","@id":"https:\/\/premiergroup.ca\/fr\/email-disclaimer-notice\/","url":"https:\/\/premiergroup.ca\/fr\/email-disclaimer-notice\/","name":"Avis de non-responsabilit\u00e9 relatif aux | Premier","isPartOf":{"@id":"https:\/\/premiergroup.ca\/fr\/#website"},"datePublished":"2020-10-02T18:10:29+00:00","dateModified":"2020-10-23T19:40:48+00:00","breadcrumb":{"@id":"https:\/\/premiergroup.ca\/fr\/email-disclaimer-notice\/#breadcrumb"},"inLanguage":"fr-FR","potentialAction":[{"@type":"ReadAction","target":["https:\/\/premiergroup.ca\/fr\/email-disclaimer-notice\/"]}]},{"@type":"BreadcrumbList","@id":"https:\/\/premiergroup.ca\/fr\/email-disclaimer-notice\/#breadcrumb","itemListElement":[{"@type":"ListItem","position":1,"name":"Home","item":"https:\/\/premiergroup.ca\/fr\/"},{"@type":"ListItem","position":2,"name":"Avis de non-responsabilit\u00e9 relatif aux"}]},{"@type":"WebSite","@id":"https:\/\/premiergroup.ca\/fr\/#website","url":"https:\/\/premiergroup.ca\/fr\/","name":"Premier","description":"think Premier...for all your Specialty needs.","potentialAction":[{"@type":"SearchAction","target":{"@type":"EntryPoint","urlTemplate":"https:\/\/premiergroup.ca\/fr\/?s={search_term_string}"},"query-input":{"@type":"PropertyValueSpecification","valueRequired":true,"valueName":"search_term_string"}}],"inLanguage":"fr-FR"}]}},"_links":{"self":[{"href":"https:\/\/premiergroup.ca\/fr\/wp-json\/wp\/v2\/pages\/16807","targetHints":{"allow":["GET"]}}],"collection":[{"href":"https:\/\/premiergroup.ca\/fr\/wp-json\/wp\/v2\/pages"}],"about":[{"href":"https:\/\/premiergroup.ca\/fr\/wp-json\/wp\/v2\/types\/page"}],"author":[{"embeddable":true,"href":"https:\/\/premiergroup.ca\/fr\/wp-json\/wp\/v2\/users\/9"}],"replies":[{"embeddable":true,"href":"https:\/\/premiergroup.ca\/fr\/wp-json\/wp\/v2\/comments?post=16807"}],"version-history":[{"count":0,"href":"https:\/\/premiergroup.ca\/fr\/wp-json\/wp\/v2\/pages\/16807\/revisions"}],"wp:attachment":[{"href":"https:\/\/premiergroup.ca\/fr\/wp-json\/wp\/v2\/media?parent=16807"}],"curies":[{"name":"wp","href":"https:\/\/api.w.org\/{rel}","templated":true}]}}