{"id":17257,"date":"2020-08-15T00:05:48","date_gmt":"2020-08-15T00:05:48","guid":{"rendered":"https:\/\/premiergroup.ca\/contact-our-teams-directly\/"},"modified":"2025-10-01T15:29:22","modified_gmt":"2025-10-01T15:29:22","slug":"contact-our-teams-directly","status":"publish","type":"page","link":"https:\/\/premiergroup.ca\/fr\/contact-our-teams-directly\/","title":{"rendered":"Communiquez directement avec notre \u00e9quipe!"},"content":{"rendered":"\t\t<div data-elementor-type=\"wp-page\" data-elementor-id=\"17257\" class=\"elementor elementor-17257 elementor-16320\" data-elementor-post-type=\"page\">\n\t\t\t\t\t\t<section class=\"elementor-section elementor-top-section elementor-element elementor-element-10158c1d elementor-section-boxed elementor-section-height-default elementor-section-height-default\" data-id=\"10158c1d\" data-element_type=\"section\">\n\t\t\t\t\t\t<div class=\"elementor-container elementor-column-gap-default\">\n\t\t\t\t\t<div class=\"elementor-column elementor-col-100 elementor-top-column elementor-element elementor-element-3222d88a\" data-id=\"3222d88a\" data-element_type=\"column\">\n\t\t\t<div class=\"elementor-widget-wrap elementor-element-populated\">\n\t\t\t\t\t\t<div class=\"elementor-element elementor-element-64fad966 elementor-widget elementor-widget-text-editor\" data-id=\"64fad966\" data-element_type=\"widget\" data-widget_type=\"text-editor.default\">\n\t\t\t\t<div class=\"elementor-widget-container\">\n\t\t\t\t\t\t\t\t\t\n<h3 class=\"rich-text editor-rich-text__editable block-editor-rich-text__editable is-selected\" role=\"textbox\" aria-label=\"Write heading\u2026\">\u00c9QUIPE SOUSCRIPTION LIGNES COMMERCIALES<\/h3>\n<table class=\"table table-condensed  table-striped\" width=\"400\">\n<tbody>\n<tr>\n<td width=\"200\"><a href=\"mailto:cedric.chouinard@premiergroup.ca\">C\u00e9dric Chouinard<\/a><\/td>\n<td>450-506-1127(LIGNE DIRECTE)<\/td>\n<\/tr>\n<tr>\n<td width=\"200\"><a href=\"mailto:agnieszka.krolikowska@premiergroup.ca\">Agnieszka Krolikowska<\/a><\/td>\n<td>450-506-1126(LIGNE DIRECTE)<\/td>\n<\/tr>\n<\/tbody>\n<\/table>\n<h3 class=\"rich-text editor-rich-text__editable block-editor-rich-text__editable is-selected\" role=\"textbox\" aria-label=\"Write heading\u2026\">\u00c9QUIPE SOUSCRIPTION ASSURANCE DES PARTICULIERS<\/h3>\n<table class=\"table table-condensed  table-striped\" width=\"400\">\n<tbody>\n<tr>\n<td width=\"200\"><a href=\"mailto:jeanfrancois.lapointe@premiergroup.ca\">Jean-Francois Auger Lapointe<\/a><\/td>\n<td>450-506-1122(LIGNE DIRECTE)<\/td>\n<\/tr>\n<\/tbody>\n<\/table>\n\n<h3 class=\"rich-text editor-rich-text__editable block-editor-rich-text__editable is-selected\" role=\"textbox\" aria-label=\"Write heading\u2026\"><strong>R\u00c9CLAMATIONS<\/strong><\/h3>\n<table class=\"table table-condensed  table-striped\" width=\"400\">\n<tbody>\n<tr>\n<td width=\"200\"><a href=\"mailto:claims@premiergroup.ca\">Si\u00e8ge social : Vancouver, CB<\/a><\/td>\n<td>604-669-5211<\/td>\n<\/tr>\n<tr>\n<td width=\"200\"><a href=\"mailto:lyse.morrissette@premiergroup.ca\">Lyse Morrissette<\/a><\/td>\n<td>450-506-1130(LIGNE DIRECTE)<\/td>\n<\/tr>\n<\/tbody>\n<\/table>\n<h3 class=\"rich-text editor-rich-text__editable block-editor-rich-text__editable is-selected\" role=\"textbox\" aria-label=\"Write heading\u2026\"><strong>COMPTABILIT\u00c9<\/strong><\/h3>\n<table class=\"table table-condensed  table-striped\" width=\"400\">\n<tbody>\n<tr>\n<td width=\"200\"><a href=\"mailto:accounting@premiergroup.ca\">Jasleen Kaur <\/a><\/td>\n<td>604-697-5737(LIGNE DIRECTE)<\/td>\n<\/tr>\n<tr>\n<td width=\"200\"><a href=\"mailto:accounting@premiergroup.ca\">Si\u00e8ge social : Vancouver, CB<\/a><\/td>\n<td>604-669-5211<\/td>\n<\/tr>\n<\/tbody>\n<\/table>\n\t\t\t\t\t\t\t\t<\/div>\n\t\t\t\t<\/div>\n\t\t\t\t\t<\/div>\n\t\t<\/div>\n\t\t\t\t\t<\/div>\n\t\t<\/section>\n\t\t\t\t<\/div>\n\t\t","protected":false},"excerpt":{"rendered":"<p>\u00c9QUIPE SOUSCRIPTION LIGNES COMMERCIALES C\u00e9dric Chouinard 450-506-1127(LIGNE DIRECTE) Agnieszka Krolikowska 450-506-1126(LIGNE DIRECTE) \u00c9QUIPE SOUSCRIPTION ASSURANCE DES PARTICULIERS Jean-Francois Auger Lapointe 450-506-1122(LIGNE DIRECTE) R\u00c9CLAMATIONS Si\u00e8ge social : Vancouver, CB 604-669-5211 Lyse Morrissette 450-506-1130(LIGNE DIRECTE) COMPTABILIT\u00c9 Jasleen Kaur 604-697-5737(LIGNE DIRECTE) Si\u00e8ge social &hellip; <a href=\"https:\/\/premiergroup.ca\/fr\/contact-our-teams-directly\/\">Suite<\/a><\/p>\n","protected":false},"author":52,"featured_media":0,"parent":0,"menu_order":0,"comment_status":"closed","ping_status":"closed","template":"","meta":{"_acf_changed":false,"footnotes":""},"class_list":["post-17257","page","type-page","status-publish","hentry"],"acf":[],"yoast_head":"<!-- This site is optimized with the Yoast SEO plugin v26.0 - https:\/\/yoast.com\/wordpress\/plugins\/seo\/ -->\n<title>Communiquez directement avec notre \u00e9quipe! | Premier<\/title>\n<meta name=\"robots\" content=\"index, follow, max-snippet:-1, max-image-preview:large, max-video-preview:-1\" \/>\n<link rel=\"canonical\" href=\"https:\/\/premiergroup.ca\/fr\/contact-our-teams-directly\/\" \/>\n<meta property=\"og:locale\" content=\"fr_FR\" \/>\n<meta property=\"og:type\" content=\"article\" \/>\n<meta property=\"og:title\" content=\"Communiquez directement avec notre \u00e9quipe! | Premier\" \/>\n<meta property=\"og:description\" content=\"\u00c9QUIPE SOUSCRIPTION LIGNES COMMERCIALES C\u00e9dric Chouinard 450-506-1127(LIGNE DIRECTE) Agnieszka Krolikowska 450-506-1126(LIGNE DIRECTE) \u00c9QUIPE SOUSCRIPTION ASSURANCE DES PARTICULIERS Jean-Francois Auger Lapointe 450-506-1122(LIGNE DIRECTE) R\u00c9CLAMATIONS Si\u00e8ge social : Vancouver, CB 604-669-5211 Lyse Morrissette 450-506-1130(LIGNE DIRECTE) COMPTABILIT\u00c9 Jasleen Kaur 604-697-5737(LIGNE DIRECTE) Si\u00e8ge social &hellip; Suite\" \/>\n<meta property=\"og:url\" content=\"https:\/\/premiergroup.ca\/fr\/contact-our-teams-directly\/\" \/>\n<meta property=\"og:site_name\" content=\"Premier\" \/>\n<meta property=\"article:modified_time\" content=\"2025-10-01T15:29:22+00:00\" \/>\n<meta name=\"twitter:label1\" content=\"Dur\u00e9e de lecture estim\u00e9e\" \/>\n\t<meta name=\"twitter:data1\" content=\"1 minute\" \/>\n<script type=\"application\/ld+json\" class=\"yoast-schema-graph\">{\"@context\":\"https:\/\/schema.org\",\"@graph\":[{\"@type\":\"WebPage\",\"@id\":\"https:\/\/premiergroup.ca\/fr\/contact-our-teams-directly\/\",\"url\":\"https:\/\/premiergroup.ca\/fr\/contact-our-teams-directly\/\",\"name\":\"Communiquez directement avec notre \u00e9quipe! | Premier\",\"isPartOf\":{\"@id\":\"https:\/\/premiergroup.ca\/fr\/#website\"},\"datePublished\":\"2020-08-15T00:05:48+00:00\",\"dateModified\":\"2025-10-01T15:29:22+00:00\",\"breadcrumb\":{\"@id\":\"https:\/\/premiergroup.ca\/fr\/contact-our-teams-directly\/#breadcrumb\"},\"inLanguage\":\"fr-FR\",\"potentialAction\":[{\"@type\":\"ReadAction\",\"target\":[\"https:\/\/premiergroup.ca\/fr\/contact-our-teams-directly\/\"]}]},{\"@type\":\"BreadcrumbList\",\"@id\":\"https:\/\/premiergroup.ca\/fr\/contact-our-teams-directly\/#breadcrumb\",\"itemListElement\":[{\"@type\":\"ListItem\",\"position\":1,\"name\":\"Home\",\"item\":\"https:\/\/premiergroup.ca\/fr\/\"},{\"@type\":\"ListItem\",\"position\":2,\"name\":\"Communiquez directement avec notre \u00e9quipe!\"}]},{\"@type\":\"WebSite\",\"@id\":\"https:\/\/premiergroup.ca\/fr\/#website\",\"url\":\"https:\/\/premiergroup.ca\/fr\/\",\"name\":\"Premier\",\"description\":\"think Premier...for all your Specialty needs.\",\"potentialAction\":[{\"@type\":\"SearchAction\",\"target\":{\"@type\":\"EntryPoint\",\"urlTemplate\":\"https:\/\/premiergroup.ca\/fr\/?s={search_term_string}\"},\"query-input\":{\"@type\":\"PropertyValueSpecification\",\"valueRequired\":true,\"valueName\":\"search_term_string\"}}],\"inLanguage\":\"fr-FR\"}]}<\/script>\n<!-- \/ Yoast SEO plugin. -->","yoast_head_json":{"title":"Communiquez directement avec notre \u00e9quipe! | Premier","robots":{"index":"index","follow":"follow","max-snippet":"max-snippet:-1","max-image-preview":"max-image-preview:large","max-video-preview":"max-video-preview:-1"},"canonical":"https:\/\/premiergroup.ca\/fr\/contact-our-teams-directly\/","og_locale":"fr_FR","og_type":"article","og_title":"Communiquez directement avec notre \u00e9quipe! | Premier","og_description":"\u00c9QUIPE SOUSCRIPTION LIGNES COMMERCIALES C\u00e9dric Chouinard 450-506-1127(LIGNE DIRECTE) Agnieszka Krolikowska 450-506-1126(LIGNE DIRECTE) \u00c9QUIPE SOUSCRIPTION ASSURANCE DES PARTICULIERS Jean-Francois Auger Lapointe 450-506-1122(LIGNE DIRECTE) R\u00c9CLAMATIONS Si\u00e8ge social : Vancouver, CB 604-669-5211 Lyse Morrissette 450-506-1130(LIGNE DIRECTE) COMPTABILIT\u00c9 Jasleen Kaur 604-697-5737(LIGNE DIRECTE) Si\u00e8ge social &hellip; Suite","og_url":"https:\/\/premiergroup.ca\/fr\/contact-our-teams-directly\/","og_site_name":"Premier","article_modified_time":"2025-10-01T15:29:22+00:00","twitter_misc":{"Dur\u00e9e de lecture estim\u00e9e":"1 minute"},"schema":{"@context":"https:\/\/schema.org","@graph":[{"@type":"WebPage","@id":"https:\/\/premiergroup.ca\/fr\/contact-our-teams-directly\/","url":"https:\/\/premiergroup.ca\/fr\/contact-our-teams-directly\/","name":"Communiquez directement avec notre \u00e9quipe! | Premier","isPartOf":{"@id":"https:\/\/premiergroup.ca\/fr\/#website"},"datePublished":"2020-08-15T00:05:48+00:00","dateModified":"2025-10-01T15:29:22+00:00","breadcrumb":{"@id":"https:\/\/premiergroup.ca\/fr\/contact-our-teams-directly\/#breadcrumb"},"inLanguage":"fr-FR","potentialAction":[{"@type":"ReadAction","target":["https:\/\/premiergroup.ca\/fr\/contact-our-teams-directly\/"]}]},{"@type":"BreadcrumbList","@id":"https:\/\/premiergroup.ca\/fr\/contact-our-teams-directly\/#breadcrumb","itemListElement":[{"@type":"ListItem","position":1,"name":"Home","item":"https:\/\/premiergroup.ca\/fr\/"},{"@type":"ListItem","position":2,"name":"Communiquez directement avec notre \u00e9quipe!"}]},{"@type":"WebSite","@id":"https:\/\/premiergroup.ca\/fr\/#website","url":"https:\/\/premiergroup.ca\/fr\/","name":"Premier","description":"think Premier...for all your Specialty needs.","potentialAction":[{"@type":"SearchAction","target":{"@type":"EntryPoint","urlTemplate":"https:\/\/premiergroup.ca\/fr\/?s={search_term_string}"},"query-input":{"@type":"PropertyValueSpecification","valueRequired":true,"valueName":"search_term_string"}}],"inLanguage":"fr-FR"}]}},"_links":{"self":[{"href":"https:\/\/premiergroup.ca\/fr\/wp-json\/wp\/v2\/pages\/17257","targetHints":{"allow":["GET"]}}],"collection":[{"href":"https:\/\/premiergroup.ca\/fr\/wp-json\/wp\/v2\/pages"}],"about":[{"href":"https:\/\/premiergroup.ca\/fr\/wp-json\/wp\/v2\/types\/page"}],"author":[{"embeddable":true,"href":"https:\/\/premiergroup.ca\/fr\/wp-json\/wp\/v2\/users\/52"}],"replies":[{"embeddable":true,"href":"https:\/\/premiergroup.ca\/fr\/wp-json\/wp\/v2\/comments?post=17257"}],"version-history":[{"count":0,"href":"https:\/\/premiergroup.ca\/fr\/wp-json\/wp\/v2\/pages\/17257\/revisions"}],"wp:attachment":[{"href":"https:\/\/premiergroup.ca\/fr\/wp-json\/wp\/v2\/media?parent=17257"}],"curies":[{"name":"wp","href":"https:\/\/api.w.org\/{rel}","templated":true}]}}