{"id":17501,"date":"2021-05-04T19:16:51","date_gmt":"2021-05-04T19:16:51","guid":{"rendered":"https:\/\/premiergroup.ca\/?page_id=17501"},"modified":"2021-05-04T19:16:52","modified_gmt":"2021-05-04T19:16:52","slug":"questions-et-reponses-sur-les-reclamations-en-responsabilite-civile","status":"publish","type":"page","link":"https:\/\/premiergroup.ca\/fr\/questions-et-reponses-sur-les-reclamations-en-responsabilite-civile\/","title":{"rendered":"Questions et R\u00e9ponses sur les R\u00e9clamations en Responsabilit\u00e9 Civile"},"content":{"rendered":"\n<h3 class=\"wp-block-heading\"><strong>Que dois-je faire si une r\u00e9clamation en responsabilit\u00e9 est d\u00e9pos\u00e9e contre moi?<\/strong><\/h3>\n\n\n\n<ul class=\"wp-block-list\"><li>Tout \u00e9v\u00e9nement ou circonstance pouvant donner lieu \u00e0 une r\u00e9clamation doit \u00eatre signal\u00e9 imm\u00e9diatement;<\/li><li>Contactez imm\u00e9diatement votre courtier d&rsquo;assurance pour compl\u00e9ter un <a href=\"https:\/\/premiergroup.ca\/fr\/documents\/liabilitylossnotice\/\">formulaire d&rsquo;avis de sinistre en responsabilit\u00e9<\/a> civile aupr\u00e8s de Premier;<\/li><li>N&rsquo;assumer aucune obligation, admettre aucune responsabilit\u00e9 ou n\u2019engager pas de d\u00e9penses pour lesquelles nous sommes ou pourrions devenir responsables;<\/li><li>Assembler tous les documents, correspondances, m\u00e9mos, photos, etc. qui peuvent \u00eatre pertinents pour la r\u00e9clamation.<\/li><\/ul>\n\n\n\n<h3 class=\"wp-block-heading\"><strong>Une fois la d\u00e9claration de sinistre rapport\u00e9e, que se passe-t-il ensuite?<\/strong><\/h3>\n\n\n\n<ul class=\"wp-block-list\"><li>Premier Canada nommera un expert en sinistres pour enqu\u00eater sur les circonstances de la perte;<\/li><li>Premier Canada \u00e9valuera la r\u00e9clamation pour d\u00e9terminer quelle couverture est disponible;<\/li><li>Premier Canada \u00e9valuera la r\u00e9clamation et dirigera toute enqu\u00eate ou tout litige suppl\u00e9mentaire jug\u00e9 n\u00e9cessaire;<\/li><li>Dans le cas d&rsquo;une poursuite en justice intent\u00e9e contre vous, Premier \u00e9valuera si une d\u00e9fense est requise et incluse dans le contrat et d\u00e9signera lorsque n\u00e9cessaire des experts et\/ou des avocats.<\/li><\/ul>\n\n\n\n<h3 class=\"wp-block-heading\"><strong><strong>Quel est mon r\u00f4le tout au long du processus?<\/strong><\/strong><\/h3>\n\n\n\n<ul class=\"wp-block-list\"><li>Participer et coop\u00e9rer pleinement \u00e0 l&rsquo;enqu\u00eate et \u00e0 la d\u00e9fense contre vous;<\/li><li>Il est important que vous partagiez toutes les informations dont vous disposez sur la r\u00e9clamation avec votre expert en sinistre et\/ou \u00e9quipe de d\u00e9fense;<\/li><li>Soyez pr\u00eat \u00e0 assister aux interrogatoires pr\u00e9alables, \u00e0 la m\u00e9diation, aux conf\u00e9rences de r\u00e8glement ou \u00e0 un proc\u00e8s.<\/li><\/ul>\n\n\n\n<h3 class=\"wp-block-heading\"><strong><strong>Comment fonctionnent les r\u00e8glements et les paiements de police?<\/strong><\/strong><\/h3>\n\n\n\n<ul class=\"wp-block-list\"><li>Premier a la possibilit\u00e9 de r\u00e9gler une r\u00e9clamation en responsabilit\u00e9 civile sans votre consentement;<\/li><li>Nous paierons jusqu&rsquo;\u00e0 la limite de responsabilit\u00e9 indiqu\u00e9e par \u00e9v\u00e9nement ou limite par p\u00e9riode de police. Nous r\u00e9glerons ou d\u00e9fendrons, si nous le jugeons appropri\u00e9, toute r\u00e9clamation ou poursuite demandant ces dommages-int\u00e9r\u00eats. Notre devoir de r\u00e8glement ou de d\u00e9fense prend fin lorsque la limite de responsabilit\u00e9 est \u00e9puis\u00e9e;<\/li><li>Votre couverture est sujette \u00e0 une franchise et vous devrez payer ce montant lorsque demand\u00e9;<\/li><li>Le paiement sera \u00e9mis au demandeur, si requis par un r\u00e8glement, une m\u00e9diation, un proc\u00e8s ou un arbitrage<\/li><\/ul>\n\n\n\n<p><a href=\"https:\/\/premiergroup.ca\/fr\/claims\/\">Retour aux R\u00e9clamations<\/a><\/p>\n","protected":false},"excerpt":{"rendered":"<p>Que dois-je faire si une r\u00e9clamation en responsabilit\u00e9 est d\u00e9pos\u00e9e contre moi? Tout \u00e9v\u00e9nement ou circonstance pouvant donner lieu \u00e0 une r\u00e9clamation doit \u00eatre signal\u00e9 imm\u00e9diatement; Contactez imm\u00e9diatement votre courtier d&rsquo;assurance pour compl\u00e9ter un formulaire d&rsquo;avis de sinistre en responsabilit\u00e9 &hellip; <a href=\"https:\/\/premiergroup.ca\/fr\/questions-et-reponses-sur-les-reclamations-en-responsabilite-civile\/\">Suite<\/a><\/p>\n","protected":false},"author":52,"featured_media":0,"parent":0,"menu_order":0,"comment_status":"closed","ping_status":"closed","template":"","meta":{"_acf_changed":false,"footnotes":""},"class_list":["post-17501","page","type-page","status-publish","hentry"],"acf":[],"yoast_head":"<!-- This site is optimized with the Yoast SEO plugin v26.0 - https:\/\/yoast.com\/wordpress\/plugins\/seo\/ -->\n<title>Questions et R\u00e9ponses sur les R\u00e9clamations en Responsabilit\u00e9 Civile | Premier<\/title>\n<meta name=\"robots\" content=\"index, follow, max-snippet:-1, max-image-preview:large, max-video-preview:-1\" \/>\n<link rel=\"canonical\" href=\"https:\/\/premiergroup.ca\/fr\/questions-et-reponses-sur-les-reclamations-en-responsabilite-civile\/\" \/>\n<meta property=\"og:locale\" content=\"fr_FR\" \/>\n<meta property=\"og:type\" content=\"article\" \/>\n<meta property=\"og:title\" content=\"Questions et R\u00e9ponses sur les R\u00e9clamations en Responsabilit\u00e9 Civile | Premier\" \/>\n<meta property=\"og:description\" content=\"Que dois-je faire si une r\u00e9clamation en responsabilit\u00e9 est d\u00e9pos\u00e9e contre moi? Tout \u00e9v\u00e9nement ou circonstance pouvant donner lieu \u00e0 une r\u00e9clamation doit \u00eatre signal\u00e9 imm\u00e9diatement; Contactez imm\u00e9diatement votre courtier d&rsquo;assurance pour compl\u00e9ter un formulaire d&rsquo;avis de sinistre en responsabilit\u00e9 &hellip; Suite\" \/>\n<meta property=\"og:url\" content=\"https:\/\/premiergroup.ca\/fr\/questions-et-reponses-sur-les-reclamations-en-responsabilite-civile\/\" \/>\n<meta property=\"og:site_name\" content=\"Premier\" \/>\n<meta property=\"article:modified_time\" content=\"2021-05-04T19:16:52+00:00\" \/>\n<meta name=\"twitter:label1\" content=\"Dur\u00e9e de lecture estim\u00e9e\" \/>\n\t<meta name=\"twitter:data1\" content=\"2 minutes\" \/>\n<script type=\"application\/ld+json\" class=\"yoast-schema-graph\">{\"@context\":\"https:\/\/schema.org\",\"@graph\":[{\"@type\":\"WebPage\",\"@id\":\"https:\/\/premiergroup.ca\/fr\/questions-et-reponses-sur-les-reclamations-en-responsabilite-civile\/\",\"url\":\"https:\/\/premiergroup.ca\/fr\/questions-et-reponses-sur-les-reclamations-en-responsabilite-civile\/\",\"name\":\"Questions et R\u00e9ponses sur les R\u00e9clamations en Responsabilit\u00e9 Civile | Premier\",\"isPartOf\":{\"@id\":\"https:\/\/premiergroup.ca\/fr\/#website\"},\"datePublished\":\"2021-05-04T19:16:51+00:00\",\"dateModified\":\"2021-05-04T19:16:52+00:00\",\"breadcrumb\":{\"@id\":\"https:\/\/premiergroup.ca\/fr\/questions-et-reponses-sur-les-reclamations-en-responsabilite-civile\/#breadcrumb\"},\"inLanguage\":\"fr-FR\",\"potentialAction\":[{\"@type\":\"ReadAction\",\"target\":[\"https:\/\/premiergroup.ca\/fr\/questions-et-reponses-sur-les-reclamations-en-responsabilite-civile\/\"]}]},{\"@type\":\"BreadcrumbList\",\"@id\":\"https:\/\/premiergroup.ca\/fr\/questions-et-reponses-sur-les-reclamations-en-responsabilite-civile\/#breadcrumb\",\"itemListElement\":[{\"@type\":\"ListItem\",\"position\":1,\"name\":\"Home\",\"item\":\"https:\/\/premiergroup.ca\/fr\/\"},{\"@type\":\"ListItem\",\"position\":2,\"name\":\"Questions et R\u00e9ponses sur les R\u00e9clamations en Responsabilit\u00e9 Civile\"}]},{\"@type\":\"WebSite\",\"@id\":\"https:\/\/premiergroup.ca\/fr\/#website\",\"url\":\"https:\/\/premiergroup.ca\/fr\/\",\"name\":\"Premier\",\"description\":\"think Premier...for all your Specialty needs.\",\"potentialAction\":[{\"@type\":\"SearchAction\",\"target\":{\"@type\":\"EntryPoint\",\"urlTemplate\":\"https:\/\/premiergroup.ca\/fr\/?s={search_term_string}\"},\"query-input\":{\"@type\":\"PropertyValueSpecification\",\"valueRequired\":true,\"valueName\":\"search_term_string\"}}],\"inLanguage\":\"fr-FR\"}]}<\/script>\n<!-- \/ Yoast SEO plugin. -->","yoast_head_json":{"title":"Questions et R\u00e9ponses sur les R\u00e9clamations en Responsabilit\u00e9 Civile | Premier","robots":{"index":"index","follow":"follow","max-snippet":"max-snippet:-1","max-image-preview":"max-image-preview:large","max-video-preview":"max-video-preview:-1"},"canonical":"https:\/\/premiergroup.ca\/fr\/questions-et-reponses-sur-les-reclamations-en-responsabilite-civile\/","og_locale":"fr_FR","og_type":"article","og_title":"Questions et R\u00e9ponses sur les R\u00e9clamations en Responsabilit\u00e9 Civile | Premier","og_description":"Que dois-je faire si une r\u00e9clamation en responsabilit\u00e9 est d\u00e9pos\u00e9e contre moi? Tout \u00e9v\u00e9nement ou circonstance pouvant donner lieu \u00e0 une r\u00e9clamation doit \u00eatre signal\u00e9 imm\u00e9diatement; Contactez imm\u00e9diatement votre courtier d&rsquo;assurance pour compl\u00e9ter un formulaire d&rsquo;avis de sinistre en responsabilit\u00e9 &hellip; Suite","og_url":"https:\/\/premiergroup.ca\/fr\/questions-et-reponses-sur-les-reclamations-en-responsabilite-civile\/","og_site_name":"Premier","article_modified_time":"2021-05-04T19:16:52+00:00","twitter_misc":{"Dur\u00e9e de lecture estim\u00e9e":"2 minutes"},"schema":{"@context":"https:\/\/schema.org","@graph":[{"@type":"WebPage","@id":"https:\/\/premiergroup.ca\/fr\/questions-et-reponses-sur-les-reclamations-en-responsabilite-civile\/","url":"https:\/\/premiergroup.ca\/fr\/questions-et-reponses-sur-les-reclamations-en-responsabilite-civile\/","name":"Questions et R\u00e9ponses sur les R\u00e9clamations en Responsabilit\u00e9 Civile | Premier","isPartOf":{"@id":"https:\/\/premiergroup.ca\/fr\/#website"},"datePublished":"2021-05-04T19:16:51+00:00","dateModified":"2021-05-04T19:16:52+00:00","breadcrumb":{"@id":"https:\/\/premiergroup.ca\/fr\/questions-et-reponses-sur-les-reclamations-en-responsabilite-civile\/#breadcrumb"},"inLanguage":"fr-FR","potentialAction":[{"@type":"ReadAction","target":["https:\/\/premiergroup.ca\/fr\/questions-et-reponses-sur-les-reclamations-en-responsabilite-civile\/"]}]},{"@type":"BreadcrumbList","@id":"https:\/\/premiergroup.ca\/fr\/questions-et-reponses-sur-les-reclamations-en-responsabilite-civile\/#breadcrumb","itemListElement":[{"@type":"ListItem","position":1,"name":"Home","item":"https:\/\/premiergroup.ca\/fr\/"},{"@type":"ListItem","position":2,"name":"Questions et R\u00e9ponses sur les R\u00e9clamations en Responsabilit\u00e9 Civile"}]},{"@type":"WebSite","@id":"https:\/\/premiergroup.ca\/fr\/#website","url":"https:\/\/premiergroup.ca\/fr\/","name":"Premier","description":"think Premier...for all your Specialty needs.","potentialAction":[{"@type":"SearchAction","target":{"@type":"EntryPoint","urlTemplate":"https:\/\/premiergroup.ca\/fr\/?s={search_term_string}"},"query-input":{"@type":"PropertyValueSpecification","valueRequired":true,"valueName":"search_term_string"}}],"inLanguage":"fr-FR"}]}},"_links":{"self":[{"href":"https:\/\/premiergroup.ca\/fr\/wp-json\/wp\/v2\/pages\/17501","targetHints":{"allow":["GET"]}}],"collection":[{"href":"https:\/\/premiergroup.ca\/fr\/wp-json\/wp\/v2\/pages"}],"about":[{"href":"https:\/\/premiergroup.ca\/fr\/wp-json\/wp\/v2\/types\/page"}],"author":[{"embeddable":true,"href":"https:\/\/premiergroup.ca\/fr\/wp-json\/wp\/v2\/users\/52"}],"replies":[{"embeddable":true,"href":"https:\/\/premiergroup.ca\/fr\/wp-json\/wp\/v2\/comments?post=17501"}],"version-history":[{"count":0,"href":"https:\/\/premiergroup.ca\/fr\/wp-json\/wp\/v2\/pages\/17501\/revisions"}],"wp:attachment":[{"href":"https:\/\/premiergroup.ca\/fr\/wp-json\/wp\/v2\/media?parent=17501"}],"curies":[{"name":"wp","href":"https:\/\/api.w.org\/{rel}","templated":true}]}}