{"id":18251,"date":"2021-08-09T15:38:40","date_gmt":"2021-08-09T15:38:40","guid":{"rendered":"https:\/\/premiergroup.ca\/?page_id=18251"},"modified":"2021-08-09T15:40:15","modified_gmt":"2021-08-09T15:40:15","slug":"mission-et-valeurs","status":"publish","type":"page","link":"https:\/\/premiergroup.ca\/fr\/mission-et-valeurs\/","title":{"rendered":"Mission et Valeurs"},"content":{"rendered":"\n<h4 class=\"wp-block-heading\"><strong><strong>\u00c9NONC\u00c9 DE MISSION:<\/strong><\/strong><\/h4>\n\n\n\n<p><em>Premier aspire \u00e0 devenir l\u2019agence de distribution la plus importante et la plus rentable au Canada en offrant un service de qualit\u00e9 sup\u00e9rieure \u00e0 ses clients\/partenaires. Nous nous effor\u00e7ons de traiter chaque employ\u00e9, client et partenaire commercial avec int\u00e9grit\u00e9, transparence et le plus grand respect. Nous fournissons une protection \u00e0 nos clients et produisons des b\u00e9n\u00e9fices de souscription \u00e0 nos partenaires.<\/em><\/p>\n\n\n\n<p class=\"has-text-align-center\"><em>\u00ab\u00a0Obtenez le traitement <strong>Premier<\/strong> &#8211; Un traitement rapide, sans ambig\u00fcit\u00e9\u00a0\u00bb.<\/em><\/p>\n\n\n\n<h4 class=\"wp-block-heading\"><strong><strong>NOS VALEURS:<\/strong><\/strong><\/h4>\n\n\n\n<p><em>Nous respectons, reconnaissons et valorisons les autres, en op\u00e9rant avec les plus hauts niveaux de transparence. Les convictions de notre entreprise sont regroup\u00e9es en cinq valeurs fondamentales, que nous appliquons quotidiennement.<\/em><\/p>\n\n\n\n<p><em><strong>Premier<\/strong> est une entreprise visionnaire ! Notre esprit entrepreneurial a permis \u00e0 <strong>Premier<\/strong> d&rsquo;\u00e9voluer, alors que notre \u00e9thique familiale est rest\u00e9e inchang\u00e9e.<\/em><\/p>\n\n\n\n<p><em>La cl\u00e9 du succ\u00e8s de <strong>Premier <\/strong>repose sur&nbsp;:<\/em><\/p>\n\n\n\n<ol class=\"wp-block-list\"><li><em>la transparence et l&rsquo;\u00e9quit\u00e9<\/em><\/li><li><em>avoir du plaisir tout en travaillant dur<\/em><\/li><li><em>\u00eatre ambitieux tout en restant humble<\/em><\/li><li><em>\u00eatre farouchement ind\u00e9pendant et agile<\/em><\/li><li><em>l&rsquo;esprit entrepreneurial et la cr\u00e9ativit\u00e9<\/em><\/li><\/ol>\n\n\n\n<p><br><strong><em><strong>Nos \u00e9quipes<\/strong> <\/em><\/strong><em>\u2013<\/em> <em>nous respectons, reconnaissons et valorisons chacun de nos employ\u00e9s.\u00a0 Investir dans nos \u00e9quipes pour encourager la croissance, le d\u00e9veloppement et la cr\u00e9ativit\u00e9 est une priorit\u00e9. Nous accomplissons davantage ensemble, en tant qu&rsquo;\u00e9quipe collaborative, qui travaille dur tout en s&rsquo;amusant, une \u00e9quipe qui fournit des r\u00e9sultats fructueux de mani\u00e8re constante.<\/em><\/p>\n\n\n\n<p><strong><em><strong>Nos clients<\/strong><em> \u2013<\/em><\/em><\/strong> <em>nous traiterons nos clients avec respect et \u00e9quit\u00e9 et deviendrons l&rsquo;assureur niche de choix au Canada.<\/em><\/p>\n\n\n\n<p><strong><em><strong>Nos partenaires <em>\u2013<\/em><\/strong><\/em><\/strong><em> nous nous imposons les normes les plus \u00e9lev\u00e9es en mati\u00e8re d&rsquo;int\u00e9grit\u00e9, d&rsquo;expertise et d&rsquo;excellence, en d\u00e9veloppant et en maintenant des partenariats durables et pr\u00e9cieux.<\/em><\/p>\n\n\n\n<p><strong><em><strong>Ambitieux tout en restant humbles <em><strong><em>\u2013<\/em><\/strong><\/em><\/strong><\/em><\/strong><em> nous visons le succ\u00e8s, sommes fiers de l&rsquo;impact significatif de notre \u00e9quipe sur nos clients, employons des sp\u00e9cialistes qui s&rsquo;efforcent de fournir un service irr\u00e9prochable, mais reconnaissons l&rsquo;influence des comp\u00e9tences, des capacit\u00e9s et du soutien de notre \u00e9quipe et de nos partenaires sur nos r\u00e9alisations.<\/em><\/p>\n\n\n\n<p><strong><em><strong>L&rsquo;esprit d&rsquo;entreprise <\/strong><\/em><\/strong><em><strong><em><strong><em><strong><em>\u2013<\/em><\/strong><\/em><\/strong><\/em><\/strong> nous sommes farouchement ind\u00e9pendants et agiles. Nous sommes fiers de ce que nous avons construit ensemble, mais nous reconnaissons la n\u00e9cessit\u00e9 de proposer des solutions nouvelles et innovantes pour r\u00e9pondre aux besoins changeants de nos partenaires.<\/em><\/p>\n","protected":false},"excerpt":{"rendered":"<p>\u00c9NONC\u00c9 DE MISSION: Premier aspire \u00e0 devenir l\u2019agence de distribution la plus importante et la plus rentable au Canada en offrant un service de qualit\u00e9 sup\u00e9rieure \u00e0 ses clients\/partenaires. Nous nous effor\u00e7ons de traiter chaque employ\u00e9, client et partenaire commercial &hellip; <a href=\"https:\/\/premiergroup.ca\/fr\/mission-et-valeurs\/\">Suite<\/a><\/p>\n","protected":false},"author":52,"featured_media":0,"parent":0,"menu_order":0,"comment_status":"closed","ping_status":"closed","template":"","meta":{"_acf_changed":false,"footnotes":""},"class_list":["post-18251","page","type-page","status-publish","hentry"],"acf":[],"yoast_head":"<!-- This site is optimized with the Yoast SEO plugin v26.0 - https:\/\/yoast.com\/wordpress\/plugins\/seo\/ -->\n<title>Mission et Valeurs | Premier<\/title>\n<meta name=\"robots\" content=\"index, follow, max-snippet:-1, max-image-preview:large, max-video-preview:-1\" \/>\n<link rel=\"canonical\" href=\"https:\/\/premiergroup.ca\/fr\/mission-et-valeurs\/\" \/>\n<meta property=\"og:locale\" content=\"fr_FR\" \/>\n<meta property=\"og:type\" content=\"article\" \/>\n<meta property=\"og:title\" content=\"Mission et Valeurs | Premier\" \/>\n<meta property=\"og:description\" content=\"\u00c9NONC\u00c9 DE MISSION: Premier aspire \u00e0 devenir l\u2019agence de distribution la plus importante et la plus rentable au Canada en offrant un service de qualit\u00e9 sup\u00e9rieure \u00e0 ses clients\/partenaires. Nous nous effor\u00e7ons de traiter chaque employ\u00e9, client et partenaire commercial &hellip; Suite\" \/>\n<meta property=\"og:url\" content=\"https:\/\/premiergroup.ca\/fr\/mission-et-valeurs\/\" \/>\n<meta property=\"og:site_name\" content=\"Premier\" \/>\n<meta property=\"article:modified_time\" content=\"2021-08-09T15:40:15+00:00\" \/>\n<meta name=\"twitter:label1\" content=\"Dur\u00e9e de lecture estim\u00e9e\" \/>\n\t<meta name=\"twitter:data1\" content=\"2 minutes\" \/>\n<script type=\"application\/ld+json\" class=\"yoast-schema-graph\">{\"@context\":\"https:\/\/schema.org\",\"@graph\":[{\"@type\":\"WebPage\",\"@id\":\"https:\/\/premiergroup.ca\/fr\/mission-et-valeurs\/\",\"url\":\"https:\/\/premiergroup.ca\/fr\/mission-et-valeurs\/\",\"name\":\"Mission et Valeurs | Premier\",\"isPartOf\":{\"@id\":\"https:\/\/premiergroup.ca\/fr\/#website\"},\"datePublished\":\"2021-08-09T15:38:40+00:00\",\"dateModified\":\"2021-08-09T15:40:15+00:00\",\"breadcrumb\":{\"@id\":\"https:\/\/premiergroup.ca\/fr\/mission-et-valeurs\/#breadcrumb\"},\"inLanguage\":\"fr-FR\",\"potentialAction\":[{\"@type\":\"ReadAction\",\"target\":[\"https:\/\/premiergroup.ca\/fr\/mission-et-valeurs\/\"]}]},{\"@type\":\"BreadcrumbList\",\"@id\":\"https:\/\/premiergroup.ca\/fr\/mission-et-valeurs\/#breadcrumb\",\"itemListElement\":[{\"@type\":\"ListItem\",\"position\":1,\"name\":\"Home\",\"item\":\"https:\/\/premiergroup.ca\/fr\/\"},{\"@type\":\"ListItem\",\"position\":2,\"name\":\"Mission et Valeurs\"}]},{\"@type\":\"WebSite\",\"@id\":\"https:\/\/premiergroup.ca\/fr\/#website\",\"url\":\"https:\/\/premiergroup.ca\/fr\/\",\"name\":\"Premier\",\"description\":\"think Premier...for all your Specialty needs.\",\"potentialAction\":[{\"@type\":\"SearchAction\",\"target\":{\"@type\":\"EntryPoint\",\"urlTemplate\":\"https:\/\/premiergroup.ca\/fr\/?s={search_term_string}\"},\"query-input\":{\"@type\":\"PropertyValueSpecification\",\"valueRequired\":true,\"valueName\":\"search_term_string\"}}],\"inLanguage\":\"fr-FR\"}]}<\/script>\n<!-- \/ Yoast SEO plugin. -->","yoast_head_json":{"title":"Mission et Valeurs | Premier","robots":{"index":"index","follow":"follow","max-snippet":"max-snippet:-1","max-image-preview":"max-image-preview:large","max-video-preview":"max-video-preview:-1"},"canonical":"https:\/\/premiergroup.ca\/fr\/mission-et-valeurs\/","og_locale":"fr_FR","og_type":"article","og_title":"Mission et Valeurs | Premier","og_description":"\u00c9NONC\u00c9 DE MISSION: Premier aspire \u00e0 devenir l\u2019agence de distribution la plus importante et la plus rentable au Canada en offrant un service de qualit\u00e9 sup\u00e9rieure \u00e0 ses clients\/partenaires. Nous nous effor\u00e7ons de traiter chaque employ\u00e9, client et partenaire commercial &hellip; Suite","og_url":"https:\/\/premiergroup.ca\/fr\/mission-et-valeurs\/","og_site_name":"Premier","article_modified_time":"2021-08-09T15:40:15+00:00","twitter_misc":{"Dur\u00e9e de lecture estim\u00e9e":"2 minutes"},"schema":{"@context":"https:\/\/schema.org","@graph":[{"@type":"WebPage","@id":"https:\/\/premiergroup.ca\/fr\/mission-et-valeurs\/","url":"https:\/\/premiergroup.ca\/fr\/mission-et-valeurs\/","name":"Mission et Valeurs | Premier","isPartOf":{"@id":"https:\/\/premiergroup.ca\/fr\/#website"},"datePublished":"2021-08-09T15:38:40+00:00","dateModified":"2021-08-09T15:40:15+00:00","breadcrumb":{"@id":"https:\/\/premiergroup.ca\/fr\/mission-et-valeurs\/#breadcrumb"},"inLanguage":"fr-FR","potentialAction":[{"@type":"ReadAction","target":["https:\/\/premiergroup.ca\/fr\/mission-et-valeurs\/"]}]},{"@type":"BreadcrumbList","@id":"https:\/\/premiergroup.ca\/fr\/mission-et-valeurs\/#breadcrumb","itemListElement":[{"@type":"ListItem","position":1,"name":"Home","item":"https:\/\/premiergroup.ca\/fr\/"},{"@type":"ListItem","position":2,"name":"Mission et Valeurs"}]},{"@type":"WebSite","@id":"https:\/\/premiergroup.ca\/fr\/#website","url":"https:\/\/premiergroup.ca\/fr\/","name":"Premier","description":"think Premier...for all your Specialty needs.","potentialAction":[{"@type":"SearchAction","target":{"@type":"EntryPoint","urlTemplate":"https:\/\/premiergroup.ca\/fr\/?s={search_term_string}"},"query-input":{"@type":"PropertyValueSpecification","valueRequired":true,"valueName":"search_term_string"}}],"inLanguage":"fr-FR"}]}},"_links":{"self":[{"href":"https:\/\/premiergroup.ca\/fr\/wp-json\/wp\/v2\/pages\/18251","targetHints":{"allow":["GET"]}}],"collection":[{"href":"https:\/\/premiergroup.ca\/fr\/wp-json\/wp\/v2\/pages"}],"about":[{"href":"https:\/\/premiergroup.ca\/fr\/wp-json\/wp\/v2\/types\/page"}],"author":[{"embeddable":true,"href":"https:\/\/premiergroup.ca\/fr\/wp-json\/wp\/v2\/users\/52"}],"replies":[{"embeddable":true,"href":"https:\/\/premiergroup.ca\/fr\/wp-json\/wp\/v2\/comments?post=18251"}],"version-history":[{"count":0,"href":"https:\/\/premiergroup.ca\/fr\/wp-json\/wp\/v2\/pages\/18251\/revisions"}],"wp:attachment":[{"href":"https:\/\/premiergroup.ca\/fr\/wp-json\/wp\/v2\/media?parent=18251"}],"curies":[{"name":"wp","href":"https:\/\/api.w.org\/{rel}","templated":true}]}}