{"id":4098,"date":"2012-08-20T22:09:52","date_gmt":"2012-08-20T22:09:52","guid":{"rendered":"https:\/\/premiergroup.ca\/?page_id=4098"},"modified":"2016-10-27T18:42:34","modified_gmt":"2016-10-27T18:42:34","slug":"privacy","status":"publish","type":"page","link":"https:\/\/premiergroup.ca\/fr\/privacy\/","title":{"rendered":"Vie priv\u00e9e"},"content":{"rendered":"<p>Chez Premier, nous prenons le temps de bien prot\u00e9ger la vie priv\u00e9e de tous les visiteurs de notre site internet.  Nous avons mis en place des mesures de protection n\u00e9cessaires afin d\u2019assurer la s\u00e9curit\u00e9 et la protection de la confidentialit\u00e9 de toutes informations personnelles que vous pourriez utiliser sur notre site.  Nous nous assurons que seules les personnes autoris\u00e9es puissent avoir acc\u00e8s aux diverses fonctions de notre site.  Cette politique de la vie priv\u00e9e est conforme \u00e0 la Loi sur la protection des renseignements personnels et les documents \u00e9lectroniques (LPRPDE).<\/p>\n","protected":false},"excerpt":{"rendered":"<p>Chez Premier, nous prenons le temps de bien prot\u00e9ger la vie priv\u00e9e de tous les visiteurs de notre site internet. Nous avons mis en place des mesures de protection n\u00e9cessaires afin d\u2019assurer la s\u00e9curit\u00e9 et la protection de la confidentialit\u00e9 &hellip; <a href=\"https:\/\/premiergroup.ca\/fr\/privacy\/\">Suite<\/a><\/p>\n","protected":false},"author":9,"featured_media":0,"parent":0,"menu_order":0,"comment_status":"open","ping_status":"open","template":"","meta":{"_acf_changed":false,"footnotes":""},"class_list":["post-4098","page","type-page","status-publish","hentry"],"acf":[],"yoast_head":"<!-- This site is optimized with the Yoast SEO plugin v26.0 - https:\/\/yoast.com\/wordpress\/plugins\/seo\/ -->\n<title>Vie priv\u00e9e | Premier<\/title>\n<meta name=\"robots\" content=\"index, follow, max-snippet:-1, max-image-preview:large, max-video-preview:-1\" \/>\n<link rel=\"canonical\" href=\"https:\/\/premiergroup.ca\/fr\/privacy\/\" \/>\n<meta property=\"og:locale\" content=\"fr_FR\" \/>\n<meta property=\"og:type\" content=\"article\" \/>\n<meta property=\"og:title\" content=\"Vie priv\u00e9e | Premier\" \/>\n<meta property=\"og:description\" content=\"Chez Premier, nous prenons le temps de bien prot\u00e9ger la vie priv\u00e9e de tous les visiteurs de notre site internet. Nous avons mis en place des mesures de protection n\u00e9cessaires afin d\u2019assurer la s\u00e9curit\u00e9 et la protection de la confidentialit\u00e9 &hellip; Suite\" \/>\n<meta property=\"og:url\" content=\"https:\/\/premiergroup.ca\/fr\/privacy\/\" \/>\n<meta property=\"og:site_name\" content=\"Premier\" \/>\n<meta property=\"article:modified_time\" content=\"2016-10-27T18:42:34+00:00\" \/>\n<script type=\"application\/ld+json\" class=\"yoast-schema-graph\">{\"@context\":\"https:\/\/schema.org\",\"@graph\":[{\"@type\":\"WebPage\",\"@id\":\"https:\/\/premiergroup.ca\/fr\/privacy\/\",\"url\":\"https:\/\/premiergroup.ca\/fr\/privacy\/\",\"name\":\"Vie priv\u00e9e | Premier\",\"isPartOf\":{\"@id\":\"https:\/\/premiergroup.ca\/fr\/#website\"},\"datePublished\":\"2012-08-20T22:09:52+00:00\",\"dateModified\":\"2016-10-27T18:42:34+00:00\",\"breadcrumb\":{\"@id\":\"https:\/\/premiergroup.ca\/fr\/privacy\/#breadcrumb\"},\"inLanguage\":\"fr-FR\",\"potentialAction\":[{\"@type\":\"ReadAction\",\"target\":[\"https:\/\/premiergroup.ca\/fr\/privacy\/\"]}]},{\"@type\":\"BreadcrumbList\",\"@id\":\"https:\/\/premiergroup.ca\/fr\/privacy\/#breadcrumb\",\"itemListElement\":[{\"@type\":\"ListItem\",\"position\":1,\"name\":\"Home\",\"item\":\"https:\/\/premiergroup.ca\/fr\/\"},{\"@type\":\"ListItem\",\"position\":2,\"name\":\"Vie priv\u00e9e\"}]},{\"@type\":\"WebSite\",\"@id\":\"https:\/\/premiergroup.ca\/fr\/#website\",\"url\":\"https:\/\/premiergroup.ca\/fr\/\",\"name\":\"Premier\",\"description\":\"think Premier...for all your Specialty needs.\",\"potentialAction\":[{\"@type\":\"SearchAction\",\"target\":{\"@type\":\"EntryPoint\",\"urlTemplate\":\"https:\/\/premiergroup.ca\/fr\/?s={search_term_string}\"},\"query-input\":{\"@type\":\"PropertyValueSpecification\",\"valueRequired\":true,\"valueName\":\"search_term_string\"}}],\"inLanguage\":\"fr-FR\"}]}<\/script>\n<!-- \/ Yoast SEO plugin. -->","yoast_head_json":{"title":"Vie priv\u00e9e | Premier","robots":{"index":"index","follow":"follow","max-snippet":"max-snippet:-1","max-image-preview":"max-image-preview:large","max-video-preview":"max-video-preview:-1"},"canonical":"https:\/\/premiergroup.ca\/fr\/privacy\/","og_locale":"fr_FR","og_type":"article","og_title":"Vie priv\u00e9e | Premier","og_description":"Chez Premier, nous prenons le temps de bien prot\u00e9ger la vie priv\u00e9e de tous les visiteurs de notre site internet. Nous avons mis en place des mesures de protection n\u00e9cessaires afin d\u2019assurer la s\u00e9curit\u00e9 et la protection de la confidentialit\u00e9 &hellip; Suite","og_url":"https:\/\/premiergroup.ca\/fr\/privacy\/","og_site_name":"Premier","article_modified_time":"2016-10-27T18:42:34+00:00","schema":{"@context":"https:\/\/schema.org","@graph":[{"@type":"WebPage","@id":"https:\/\/premiergroup.ca\/fr\/privacy\/","url":"https:\/\/premiergroup.ca\/fr\/privacy\/","name":"Vie priv\u00e9e | Premier","isPartOf":{"@id":"https:\/\/premiergroup.ca\/fr\/#website"},"datePublished":"2012-08-20T22:09:52+00:00","dateModified":"2016-10-27T18:42:34+00:00","breadcrumb":{"@id":"https:\/\/premiergroup.ca\/fr\/privacy\/#breadcrumb"},"inLanguage":"fr-FR","potentialAction":[{"@type":"ReadAction","target":["https:\/\/premiergroup.ca\/fr\/privacy\/"]}]},{"@type":"BreadcrumbList","@id":"https:\/\/premiergroup.ca\/fr\/privacy\/#breadcrumb","itemListElement":[{"@type":"ListItem","position":1,"name":"Home","item":"https:\/\/premiergroup.ca\/fr\/"},{"@type":"ListItem","position":2,"name":"Vie priv\u00e9e"}]},{"@type":"WebSite","@id":"https:\/\/premiergroup.ca\/fr\/#website","url":"https:\/\/premiergroup.ca\/fr\/","name":"Premier","description":"think Premier...for all your Specialty needs.","potentialAction":[{"@type":"SearchAction","target":{"@type":"EntryPoint","urlTemplate":"https:\/\/premiergroup.ca\/fr\/?s={search_term_string}"},"query-input":{"@type":"PropertyValueSpecification","valueRequired":true,"valueName":"search_term_string"}}],"inLanguage":"fr-FR"}]}},"_links":{"self":[{"href":"https:\/\/premiergroup.ca\/fr\/wp-json\/wp\/v2\/pages\/4098","targetHints":{"allow":["GET"]}}],"collection":[{"href":"https:\/\/premiergroup.ca\/fr\/wp-json\/wp\/v2\/pages"}],"about":[{"href":"https:\/\/premiergroup.ca\/fr\/wp-json\/wp\/v2\/types\/page"}],"author":[{"embeddable":true,"href":"https:\/\/premiergroup.ca\/fr\/wp-json\/wp\/v2\/users\/9"}],"replies":[{"embeddable":true,"href":"https:\/\/premiergroup.ca\/fr\/wp-json\/wp\/v2\/comments?post=4098"}],"version-history":[{"count":0,"href":"https:\/\/premiergroup.ca\/fr\/wp-json\/wp\/v2\/pages\/4098\/revisions"}],"wp:attachment":[{"href":"https:\/\/premiergroup.ca\/fr\/wp-json\/wp\/v2\/media?parent=4098"}],"curies":[{"name":"wp","href":"https:\/\/api.w.org\/{rel}","templated":true}]}}