{"id":4430,"date":"2012-07-14T02:23:26","date_gmt":"2012-07-14T02:23:26","guid":{"rendered":"https:\/\/premiergroup.ca\/reclamations-de-premier\/"},"modified":"2022-01-22T01:55:19","modified_gmt":"2022-01-22T01:55:19","slug":"claims","status":"publish","type":"page","link":"https:\/\/premiergroup.ca\/fr\/claims\/","title":{"rendered":"Faits saillants du service de r\u00e9clamation \u2013 Premier Canada"},"content":{"rendered":"<p>Une \u00e9quipe de traitement des r\u00e9clamations exp\u00e9riment\u00e9e est essentielle pour g\u00e9rer les pertes en lien avec les risques sp\u00e9cialis\u00e9s. Bas\u00e9 \u00e0 notre si\u00e8ge social, le service interne des r\u00e9clamations de Premier Canada comprend une \u00e9quipe comp\u00e9tente qui apporte collectivement plus de 135 ans d\u2019exp\u00e9rience avec un large \u00e9ventail d\u2019expertises pour comprendre la complexit\u00e9 des r\u00e9clamations d\u00e9coulant des produits du march\u00e9 sp\u00e9cialis\u00e9. &nbsp;Nous nous engageons \u00e0 fournir un service de premi\u00e8re classe \u00e0 nos clients et \u00e0 nos pr\u00e9cieux partenaires et nous nous engageons \u00e0 r\u00e9soudre les r\u00e9clamations le plus rapidement et le plus efficacement possible.<\/p>\n<h2>T\u00e9l\u00e9chargements li\u00e9s aux r\u00e9clamations<\/h2>\n<div class=\"related-products-container\">\n<ul>\n<li style=\"list-style-type: none\">\n<ul>\n<li><a href=\"https:\/\/premiergroup.ca\/fr\/claims\/comment-soumettre-une-reclamation\/\">Comment soumettre une r\u00e9clamation<\/a><\/li>\n<li><strong><span style=\"color: #ea1c2e\">Soumettre une r\u00e9clamation en ligne<\/span><\/strong>\n<ul>\n<li><a href=\"\/fr\/documents\/marine-loss-notice\/\" rel=\"noopener noreferrer\">Bateaux de plaisance &#8211; Formulaire rapport de sinistre<\/a><\/li>\n<li><a href=\"\/fr\/documents\/propertylossnotice\/\" rel=\"noopener noreferrer\">Habitation &#8211; Formulaire rapport de sinistre<\/a><\/li>\n<li><a href=\"\/fr\/documents\/liabilitylossnotice\/\" rel=\"noopener noreferrer\">Responsabilit\u00e9 civile &#8211; Formulaire rapport de sinistre<\/a><\/li>\n<\/ul>\n<\/li>\n<\/ul>\n<\/li>\n<\/ul>\n<ul>\n<li><a href=\"https:\/\/premiergroup.ca\/fr\/understanding-the-marine-claims-process\/\">Comprendre le processus de r\u00e9clamation pour les bateaux de plaisance<\/a><\/li>\n<li><a href=\"https:\/\/premiergroup.ca\/fr\/questions-et-reponses-au-sujet-des-reclamations-en-habitations-et-en-biens\/\">Questions et R\u00e9ponses au sujet des R\u00e9clamations en Habitations et en Bien<\/a><\/li>\n<li><a href=\"https:\/\/premiergroup.ca\/fr\/questions-et-reponses-sur-les-reclamations-en-responsabilite-civile\/\">Questions et R\u00e9ponses sur les R\u00e9clamations en Responsabilit\u00e9<\/a><\/li>\n<\/ul>\n<p><strong><span style=\"color: #d0bf2b\">&nbsp;<\/span><\/strong><\/p>\n<\/div>\n","protected":false},"excerpt":{"rendered":"<p>Une \u00e9quipe de traitement des r\u00e9clamations exp\u00e9riment\u00e9e est essentielle pour g\u00e9rer les pertes en lien avec les risques sp\u00e9cialis\u00e9s. Bas\u00e9 \u00e0 notre si\u00e8ge social, le service interne des r\u00e9clamations de Premier Canada comprend une \u00e9quipe comp\u00e9tente qui apporte collectivement plus &hellip; <a href=\"https:\/\/premiergroup.ca\/fr\/claims\/\">Suite<\/a><\/p>\n","protected":false},"author":9,"featured_media":0,"parent":0,"menu_order":0,"comment_status":"open","ping_status":"open","template":"","meta":{"_acf_changed":false,"footnotes":""},"class_list":["post-4430","page","type-page","status-publish","hentry"],"acf":[],"yoast_head":"<!-- This site is optimized with the Yoast SEO plugin v26.0 - https:\/\/yoast.com\/wordpress\/plugins\/seo\/ -->\n<title>Claims department information for Premier<\/title>\n<meta name=\"robots\" content=\"index, follow, max-snippet:-1, max-image-preview:large, max-video-preview:-1\" \/>\n<link rel=\"canonical\" href=\"https:\/\/premiergroup.ca\/fr\/claims\/\" \/>\n<meta property=\"og:locale\" content=\"fr_FR\" \/>\n<meta property=\"og:type\" content=\"article\" \/>\n<meta property=\"og:title\" content=\"Claims department information for Premier\" \/>\n<meta property=\"og:description\" content=\"Une \u00e9quipe de traitement des r\u00e9clamations exp\u00e9riment\u00e9e est essentielle pour g\u00e9rer les pertes en lien avec les risques sp\u00e9cialis\u00e9s. Bas\u00e9 \u00e0 notre si\u00e8ge social, le service interne des r\u00e9clamations de Premier Canada comprend une \u00e9quipe comp\u00e9tente qui apporte collectivement plus &hellip; Suite\" \/>\n<meta property=\"og:url\" content=\"https:\/\/premiergroup.ca\/fr\/claims\/\" \/>\n<meta property=\"og:site_name\" content=\"Premier\" \/>\n<meta property=\"article:modified_time\" content=\"2022-01-22T01:55:19+00:00\" \/>\n<meta name=\"twitter:label1\" content=\"Dur\u00e9e de lecture estim\u00e9e\" \/>\n\t<meta name=\"twitter:data1\" content=\"1 minute\" \/>\n<script type=\"application\/ld+json\" class=\"yoast-schema-graph\">{\"@context\":\"https:\/\/schema.org\",\"@graph\":[{\"@type\":\"WebPage\",\"@id\":\"https:\/\/premiergroup.ca\/fr\/claims\/\",\"url\":\"https:\/\/premiergroup.ca\/fr\/claims\/\",\"name\":\"Claims department information for Premier\",\"isPartOf\":{\"@id\":\"https:\/\/premiergroup.ca\/fr\/#website\"},\"datePublished\":\"2012-07-14T02:23:26+00:00\",\"dateModified\":\"2022-01-22T01:55:19+00:00\",\"breadcrumb\":{\"@id\":\"https:\/\/premiergroup.ca\/fr\/claims\/#breadcrumb\"},\"inLanguage\":\"fr-FR\",\"potentialAction\":[{\"@type\":\"ReadAction\",\"target\":[\"https:\/\/premiergroup.ca\/fr\/claims\/\"]}]},{\"@type\":\"BreadcrumbList\",\"@id\":\"https:\/\/premiergroup.ca\/fr\/claims\/#breadcrumb\",\"itemListElement\":[{\"@type\":\"ListItem\",\"position\":1,\"name\":\"Home\",\"item\":\"https:\/\/premiergroup.ca\/fr\/\"},{\"@type\":\"ListItem\",\"position\":2,\"name\":\"R\u00e9clamations\"}]},{\"@type\":\"WebSite\",\"@id\":\"https:\/\/premiergroup.ca\/fr\/#website\",\"url\":\"https:\/\/premiergroup.ca\/fr\/\",\"name\":\"Premier\",\"description\":\"think Premier...for all your Specialty needs.\",\"potentialAction\":[{\"@type\":\"SearchAction\",\"target\":{\"@type\":\"EntryPoint\",\"urlTemplate\":\"https:\/\/premiergroup.ca\/fr\/?s={search_term_string}\"},\"query-input\":{\"@type\":\"PropertyValueSpecification\",\"valueRequired\":true,\"valueName\":\"search_term_string\"}}],\"inLanguage\":\"fr-FR\"}]}<\/script>\n<!-- \/ Yoast SEO plugin. -->","yoast_head_json":{"title":"Claims department information for Premier","robots":{"index":"index","follow":"follow","max-snippet":"max-snippet:-1","max-image-preview":"max-image-preview:large","max-video-preview":"max-video-preview:-1"},"canonical":"https:\/\/premiergroup.ca\/fr\/claims\/","og_locale":"fr_FR","og_type":"article","og_title":"Claims department information for Premier","og_description":"Une \u00e9quipe de traitement des r\u00e9clamations exp\u00e9riment\u00e9e est essentielle pour g\u00e9rer les pertes en lien avec les risques sp\u00e9cialis\u00e9s. Bas\u00e9 \u00e0 notre si\u00e8ge social, le service interne des r\u00e9clamations de Premier Canada comprend une \u00e9quipe comp\u00e9tente qui apporte collectivement plus &hellip; Suite","og_url":"https:\/\/premiergroup.ca\/fr\/claims\/","og_site_name":"Premier","article_modified_time":"2022-01-22T01:55:19+00:00","twitter_misc":{"Dur\u00e9e de lecture estim\u00e9e":"1 minute"},"schema":{"@context":"https:\/\/schema.org","@graph":[{"@type":"WebPage","@id":"https:\/\/premiergroup.ca\/fr\/claims\/","url":"https:\/\/premiergroup.ca\/fr\/claims\/","name":"Claims department information for Premier","isPartOf":{"@id":"https:\/\/premiergroup.ca\/fr\/#website"},"datePublished":"2012-07-14T02:23:26+00:00","dateModified":"2022-01-22T01:55:19+00:00","breadcrumb":{"@id":"https:\/\/premiergroup.ca\/fr\/claims\/#breadcrumb"},"inLanguage":"fr-FR","potentialAction":[{"@type":"ReadAction","target":["https:\/\/premiergroup.ca\/fr\/claims\/"]}]},{"@type":"BreadcrumbList","@id":"https:\/\/premiergroup.ca\/fr\/claims\/#breadcrumb","itemListElement":[{"@type":"ListItem","position":1,"name":"Home","item":"https:\/\/premiergroup.ca\/fr\/"},{"@type":"ListItem","position":2,"name":"R\u00e9clamations"}]},{"@type":"WebSite","@id":"https:\/\/premiergroup.ca\/fr\/#website","url":"https:\/\/premiergroup.ca\/fr\/","name":"Premier","description":"think Premier...for all your Specialty needs.","potentialAction":[{"@type":"SearchAction","target":{"@type":"EntryPoint","urlTemplate":"https:\/\/premiergroup.ca\/fr\/?s={search_term_string}"},"query-input":{"@type":"PropertyValueSpecification","valueRequired":true,"valueName":"search_term_string"}}],"inLanguage":"fr-FR"}]}},"_links":{"self":[{"href":"https:\/\/premiergroup.ca\/fr\/wp-json\/wp\/v2\/pages\/4430","targetHints":{"allow":["GET"]}}],"collection":[{"href":"https:\/\/premiergroup.ca\/fr\/wp-json\/wp\/v2\/pages"}],"about":[{"href":"https:\/\/premiergroup.ca\/fr\/wp-json\/wp\/v2\/types\/page"}],"author":[{"embeddable":true,"href":"https:\/\/premiergroup.ca\/fr\/wp-json\/wp\/v2\/users\/9"}],"replies":[{"embeddable":true,"href":"https:\/\/premiergroup.ca\/fr\/wp-json\/wp\/v2\/comments?post=4430"}],"version-history":[{"count":0,"href":"https:\/\/premiergroup.ca\/fr\/wp-json\/wp\/v2\/pages\/4430\/revisions"}],"wp:attachment":[{"href":"https:\/\/premiergroup.ca\/fr\/wp-json\/wp\/v2\/media?parent=4430"}],"curies":[{"name":"wp","href":"https:\/\/api.w.org\/{rel}","templated":true}]}}