{"id":5133,"date":"2012-09-19T20:13:59","date_gmt":"2012-09-19T20:13:59","guid":{"rendered":"https:\/\/premiergroup.ca\/claims\/how-to-report\/"},"modified":"2016-10-27T18:00:02","modified_gmt":"2016-10-27T18:00:02","slug":"how-to-report","status":"publish","type":"page","link":"https:\/\/premiergroup.ca\/fr\/claims\/how-to-report\/","title":{"rendered":"Comment soumettre une r\u00e9clamation"},"content":{"rendered":"<h3>Pendant les heures d\u2019ouverture<\/h3>\n<p>Peu importe le type de r\u00e9clamation que vous devez soumettre, pendant les heures normales d\u2019ouverture, la premi\u00e8re \u00e9tape serait d\u2019entrer en communication avec votre courtier d\u2019assurance. Votre courtier d\u2019assurances sera en mesure de vous assister et il pourra ainsi passer au travers des d\u00e9tails importants avec vous. Il pourra ensuite nous soumettre la r\u00e9clamation. <strong>** Les courtiers d\u2019assurances doivent soumettre la r\u00e9clamation au nom de l\u2019assur\u00e9.<\/strong><\/p>\n<h3>R\u00e9clamations habitation et les risques divers<\/h3>\n<ul>\n<li>Veuillez imprimer et remplir soit <a title=\"PropertyLossNotice\" href=\"https:\/\/premiergroup.ca\/documents\/propertylossnotice\/\"><strong>le formulaire Avis de sinistre assurance Habitation<\/strong><\/a>\u00a0ou\u00a0<strong><a title=\"LiabilityLossNotice\" href=\"https:\/\/premiergroup.ca\/documents\/liabilitylossnotice\/\">le formulaire Avis de sinistre Responsabilit\u00e9 Civile<\/a><\/strong>, qui se retrouve sous la section r\u00e9clamations. Veuillez par la suite envoyer votre formulaire par t\u00e9l\u00e9copieur au si\u00e8ge social de Premier Canada \u00e0 Vancouver, au 604-669-9662 ou envoyez votre formulaire par courriel au\u00a0<a href=\"mailto:claims@premiergroup.ca\">claims@premiergroup.ca<\/a><\/li>\n<\/ul>\n<h3>R\u00e9clamation bateau de plaisance<\/h3>\n<ul>\n<li>Veuillez imprimer et remplir <a title=\"Marine Loss Notice\" href=\"https:\/\/premiergroup.ca\/documents\/marine-loss-notice\/\" target=\"_self\"><strong>le formulaire Avis de sinistre bateau de plaisance <\/strong><\/a>qui se retrouve sous la section r\u00e9clamations.<\/li>\n<li>Veuillez par la suite envoyer votre formulaire par t\u00e9l\u00e9copieur au si\u00e8ge social de Premier Canada \u00e0 Vancouver, au 604-669-9662 ou envoyez votre formulaire par courriel au <a href=\"mailto:claims@premiergroup.ca\">claims@premiergroup.ca<\/a><\/li>\n<\/ul>\n<h3>Urgence apr\u00e8s les heures d\u2019ouverture<\/h3>\n<ul>\n<li>Si votre r\u00e9clamation survient apr\u00e8s les heures d\u2019ouverture, vous pouvez communiquer avec notre service de r\u00e9clamation accessible 24 heures sur 24 en composant le 1-800-ADJUST-4 (1-800-235-8784).<\/li>\n<\/ul>\n<p><strong>** Les courtiers d\u2019assurances doivent soumettre l\u2019avis de sinistre, m\u00eame dans le cas d\u2019un sinistre survenu apr\u00e8s les heures d\u2019ouverture et d\u00e9clar\u00e9 sur notre ligne d&rsquo;urgence.<\/strong><\/p>\n<h3><\/h3>\n","protected":false},"excerpt":{"rendered":"<p>Pendant les heures d\u2019ouverture Peu importe le type de r\u00e9clamation que vous devez soumettre, pendant les heures normales d\u2019ouverture, la premi\u00e8re \u00e9tape serait d\u2019entrer en communication avec votre courtier d\u2019assurance. Votre courtier d\u2019assurances sera en mesure de vous assister et &hellip; <a href=\"https:\/\/premiergroup.ca\/fr\/claims\/how-to-report\/\">Suite<\/a><\/p>\n","protected":false},"author":6,"featured_media":0,"parent":4430,"menu_order":0,"comment_status":"open","ping_status":"closed","template":"","meta":{"_acf_changed":false,"footnotes":""},"class_list":["post-5133","page","type-page","status-publish","hentry"],"acf":[],"yoast_head":"<!-- This site is optimized with the Yoast SEO plugin v26.0 - https:\/\/yoast.com\/wordpress\/plugins\/seo\/ -->\n<title>Comment soumettre une r\u00e9clamation | Premier<\/title>\n<meta name=\"robots\" content=\"index, follow, max-snippet:-1, max-image-preview:large, max-video-preview:-1\" \/>\n<link rel=\"canonical\" href=\"https:\/\/premiergroup.ca\/fr\/claims\/how-to-report\/\" \/>\n<meta property=\"og:locale\" content=\"fr_FR\" \/>\n<meta property=\"og:type\" content=\"article\" \/>\n<meta property=\"og:title\" content=\"Comment soumettre une r\u00e9clamation | Premier\" \/>\n<meta property=\"og:description\" content=\"Pendant les heures d\u2019ouverture Peu importe le type de r\u00e9clamation que vous devez soumettre, pendant les heures normales d\u2019ouverture, la premi\u00e8re \u00e9tape serait d\u2019entrer en communication avec votre courtier d\u2019assurance. Votre courtier d\u2019assurances sera en mesure de vous assister et &hellip; Suite\" \/>\n<meta property=\"og:url\" content=\"https:\/\/premiergroup.ca\/fr\/claims\/how-to-report\/\" \/>\n<meta property=\"og:site_name\" content=\"Premier\" \/>\n<meta property=\"article:modified_time\" content=\"2016-10-27T18:00:02+00:00\" \/>\n<meta name=\"twitter:label1\" content=\"Dur\u00e9e de lecture estim\u00e9e\" \/>\n\t<meta name=\"twitter:data1\" content=\"1 minute\" \/>\n<script type=\"application\/ld+json\" class=\"yoast-schema-graph\">{\"@context\":\"https:\/\/schema.org\",\"@graph\":[{\"@type\":\"WebPage\",\"@id\":\"https:\/\/premiergroup.ca\/fr\/claims\/how-to-report\/\",\"url\":\"https:\/\/premiergroup.ca\/fr\/claims\/how-to-report\/\",\"name\":\"Comment soumettre une r\u00e9clamation | Premier\",\"isPartOf\":{\"@id\":\"https:\/\/premiergroup.ca\/fr\/#website\"},\"datePublished\":\"2012-09-19T20:13:59+00:00\",\"dateModified\":\"2016-10-27T18:00:02+00:00\",\"breadcrumb\":{\"@id\":\"https:\/\/premiergroup.ca\/fr\/claims\/how-to-report\/#breadcrumb\"},\"inLanguage\":\"fr-FR\",\"potentialAction\":[{\"@type\":\"ReadAction\",\"target\":[\"https:\/\/premiergroup.ca\/fr\/claims\/how-to-report\/\"]}]},{\"@type\":\"BreadcrumbList\",\"@id\":\"https:\/\/premiergroup.ca\/fr\/claims\/how-to-report\/#breadcrumb\",\"itemListElement\":[{\"@type\":\"ListItem\",\"position\":1,\"name\":\"Home\",\"item\":\"https:\/\/premiergroup.ca\/fr\/\"},{\"@type\":\"ListItem\",\"position\":2,\"name\":\"R\u00e9clamations\",\"item\":\"https:\/\/premiergroup.ca\/fr\/claims\/\"},{\"@type\":\"ListItem\",\"position\":3,\"name\":\"Comment soumettre une r\u00e9clamation\"}]},{\"@type\":\"WebSite\",\"@id\":\"https:\/\/premiergroup.ca\/fr\/#website\",\"url\":\"https:\/\/premiergroup.ca\/fr\/\",\"name\":\"Premier\",\"description\":\"think Premier...for all your Specialty needs.\",\"potentialAction\":[{\"@type\":\"SearchAction\",\"target\":{\"@type\":\"EntryPoint\",\"urlTemplate\":\"https:\/\/premiergroup.ca\/fr\/?s={search_term_string}\"},\"query-input\":{\"@type\":\"PropertyValueSpecification\",\"valueRequired\":true,\"valueName\":\"search_term_string\"}}],\"inLanguage\":\"fr-FR\"}]}<\/script>\n<!-- \/ Yoast SEO plugin. -->","yoast_head_json":{"title":"Comment soumettre une r\u00e9clamation | Premier","robots":{"index":"index","follow":"follow","max-snippet":"max-snippet:-1","max-image-preview":"max-image-preview:large","max-video-preview":"max-video-preview:-1"},"canonical":"https:\/\/premiergroup.ca\/fr\/claims\/how-to-report\/","og_locale":"fr_FR","og_type":"article","og_title":"Comment soumettre une r\u00e9clamation | Premier","og_description":"Pendant les heures d\u2019ouverture Peu importe le type de r\u00e9clamation que vous devez soumettre, pendant les heures normales d\u2019ouverture, la premi\u00e8re \u00e9tape serait d\u2019entrer en communication avec votre courtier d\u2019assurance. Votre courtier d\u2019assurances sera en mesure de vous assister et &hellip; Suite","og_url":"https:\/\/premiergroup.ca\/fr\/claims\/how-to-report\/","og_site_name":"Premier","article_modified_time":"2016-10-27T18:00:02+00:00","twitter_misc":{"Dur\u00e9e de lecture estim\u00e9e":"1 minute"},"schema":{"@context":"https:\/\/schema.org","@graph":[{"@type":"WebPage","@id":"https:\/\/premiergroup.ca\/fr\/claims\/how-to-report\/","url":"https:\/\/premiergroup.ca\/fr\/claims\/how-to-report\/","name":"Comment soumettre une r\u00e9clamation | Premier","isPartOf":{"@id":"https:\/\/premiergroup.ca\/fr\/#website"},"datePublished":"2012-09-19T20:13:59+00:00","dateModified":"2016-10-27T18:00:02+00:00","breadcrumb":{"@id":"https:\/\/premiergroup.ca\/fr\/claims\/how-to-report\/#breadcrumb"},"inLanguage":"fr-FR","potentialAction":[{"@type":"ReadAction","target":["https:\/\/premiergroup.ca\/fr\/claims\/how-to-report\/"]}]},{"@type":"BreadcrumbList","@id":"https:\/\/premiergroup.ca\/fr\/claims\/how-to-report\/#breadcrumb","itemListElement":[{"@type":"ListItem","position":1,"name":"Home","item":"https:\/\/premiergroup.ca\/fr\/"},{"@type":"ListItem","position":2,"name":"R\u00e9clamations","item":"https:\/\/premiergroup.ca\/fr\/claims\/"},{"@type":"ListItem","position":3,"name":"Comment soumettre une r\u00e9clamation"}]},{"@type":"WebSite","@id":"https:\/\/premiergroup.ca\/fr\/#website","url":"https:\/\/premiergroup.ca\/fr\/","name":"Premier","description":"think Premier...for all your Specialty needs.","potentialAction":[{"@type":"SearchAction","target":{"@type":"EntryPoint","urlTemplate":"https:\/\/premiergroup.ca\/fr\/?s={search_term_string}"},"query-input":{"@type":"PropertyValueSpecification","valueRequired":true,"valueName":"search_term_string"}}],"inLanguage":"fr-FR"}]}},"_links":{"self":[{"href":"https:\/\/premiergroup.ca\/fr\/wp-json\/wp\/v2\/pages\/5133","targetHints":{"allow":["GET"]}}],"collection":[{"href":"https:\/\/premiergroup.ca\/fr\/wp-json\/wp\/v2\/pages"}],"about":[{"href":"https:\/\/premiergroup.ca\/fr\/wp-json\/wp\/v2\/types\/page"}],"author":[{"embeddable":true,"href":"https:\/\/premiergroup.ca\/fr\/wp-json\/wp\/v2\/users\/6"}],"replies":[{"embeddable":true,"href":"https:\/\/premiergroup.ca\/fr\/wp-json\/wp\/v2\/comments?post=5133"}],"version-history":[{"count":0,"href":"https:\/\/premiergroup.ca\/fr\/wp-json\/wp\/v2\/pages\/5133\/revisions"}],"up":[{"embeddable":true,"href":"https:\/\/premiergroup.ca\/fr\/wp-json\/wp\/v2\/pages\/4430"}],"wp:attachment":[{"href":"https:\/\/premiergroup.ca\/fr\/wp-json\/wp\/v2\/media?parent=5133"}],"curies":[{"name":"wp","href":"https:\/\/api.w.org\/{rel}","templated":true}]}}