{"id":5135,"date":"2013-01-10T08:57:42","date_gmt":"2013-01-10T08:57:42","guid":{"rendered":"https:\/\/premiergroup.ca\/understanding-the-marine-claims-process-2\/"},"modified":"2022-01-22T01:55:47","modified_gmt":"2022-01-22T01:55:47","slug":"understanding-the-marine-claims-process","status":"publish","type":"page","link":"https:\/\/premiergroup.ca\/fr\/understanding-the-marine-claims-process\/","title":{"rendered":"Notre processus de r\u00e9clamation pour bateau de plaisance"},"content":{"rendered":"<h3><span style=\"color: #ea1c2e\">Comprendre le processus de r\u00e9clamation pour les bateaux de plaisance<\/span><\/h3>\n<h3>Qui choisit l\u2019emplacement pour les r\u00e9parations?<\/h3>\n<p>Le choix o\u00f9 faire r\u00e9parer votre bateau vous revient. Toutefois, votre contrat d\u2019assurance vous indemnisera uniquement sur l\u2019estim\u00e9 le plus raisonnable. (Tout frais additionnels concernant la r\u00e9paration du bateau parce que le propri\u00e9taire a s\u00e9lectionn\u00e9 un r\u00e9parateur avec un co\u00fbt plus \u00e9lev\u00e9, sera au frais du propri\u00e9taire du bateau).<\/p>\n<h3>Qui autorise les co\u00fbts de r\u00e9parations?<\/h3>\n<p>Premier doit faire la r\u00e9vision et approuver les co\u00fbts et les estim\u00e9s avant que les r\u00e9parations d\u00e9butent.<\/p>\n<h3>Qui autorise les r\u00e9parations?<\/h3>\n<p>Le contrat de r\u00e9paration est entre le r\u00e9parateur et le propri\u00e9taire du bateau. Le r\u00e9parateur doit attendre de recevoir l\u2019autorisation du propri\u00e9taire du bateau afin de d\u00e9buter les r\u00e9parations.<\/p>\n<h3>Quel montant sera indemnis\u00e9 par mon contrat d\u2019assurance?<\/h3>\n<p>Vous serez indemnis\u00e9 pour les co\u00fbts engag\u00e9s, bas\u00e9 sur la police d\u2019assurance en vigueur. Toutes les polices d\u2019assurance d\u00e9tiennent une franchise qui est pay\u00e9e par le propri\u00e9taire du bateau et souvent le contrat d\u2019assurance peut contenir une clause de d\u00e9pr\u00e9ciation. Veuillez-vous informer pour plus de d\u00e9tails.<\/p>\n<p>Dans un cas o\u00f9 la cause du sinistre est inconnue, l\u2019Assur\u00e9 devra autoriser le d\u00e9mant\u00e8lement du bateau afin que nous puissions investiguer d\u2019avantage. Les co\u00fbts reli\u00e9s au d\u00e9mant\u00e8lement (incluant le remorquage, l\u2019entreposage, etc.) sont couverts uniquement si la cause du sinistre figure dans les risques couverts de votre contrat d\u2019assurance. Les frais reli\u00e9s aux expertises (ing\u00e9nieurs, experts maritimes, etc.) seront au frais de l\u2019Assureur, peu importe la couverture d\u2019assurance, puisque Premier aura mandat\u00e9 ces experts afin de collaborer dans l\u2019investigation de la cause du sinistre.<\/p>\n<h3>Questions \/ Probl\u00e8mes?<\/h3>\n<p>Si vous avez des questions, vous devez contacter les gens affect\u00e9s \u00e0 votre dossier, dans l\u2019ordre suivant, afin de faciliter votre compr\u00e9hension de la situation :<\/p>\n<ul>\n<li>Expert en sinistre, \u00e9valuateur, expert maritime<\/li>\n<li>Courtier ou agent d\u2019assurances<\/li>\n<li>Premier Canada directement<\/li>\n<\/ul>\n<p>&nbsp;<\/p>\n","protected":false},"excerpt":{"rendered":"<p>Comprendre le processus de r\u00e9clamation pour les bateaux de plaisance Qui choisit l\u2019emplacement pour les r\u00e9parations? Le choix o\u00f9 faire r\u00e9parer votre bateau vous revient. Toutefois, votre contrat d\u2019assurance vous indemnisera uniquement sur l\u2019estim\u00e9 le plus raisonnable. (Tout frais additionnels &hellip; <a href=\"https:\/\/premiergroup.ca\/fr\/understanding-the-marine-claims-process\/\">Suite<\/a><\/p>\n","protected":false},"author":6,"featured_media":0,"parent":0,"menu_order":0,"comment_status":"open","ping_status":"open","template":"","meta":{"_acf_changed":false,"footnotes":""},"class_list":["post-5135","page","type-page","status-publish","hentry"],"acf":[],"yoast_head":"<!-- This site is optimized with the Yoast SEO plugin v26.0 - https:\/\/yoast.com\/wordpress\/plugins\/seo\/ -->\n<title>Notre processus de r\u00e9clamation pour bateau de plaisance | Premier<\/title>\n<meta name=\"robots\" content=\"index, follow, max-snippet:-1, max-image-preview:large, max-video-preview:-1\" \/>\n<link rel=\"canonical\" href=\"https:\/\/premiergroup.ca\/fr\/understanding-the-marine-claims-process\/\" \/>\n<meta property=\"og:locale\" content=\"fr_FR\" \/>\n<meta property=\"og:type\" content=\"article\" \/>\n<meta property=\"og:title\" content=\"Notre processus de r\u00e9clamation pour bateau de plaisance | Premier\" \/>\n<meta property=\"og:description\" content=\"Comprendre le processus de r\u00e9clamation pour les bateaux de plaisance Qui choisit l\u2019emplacement pour les r\u00e9parations? Le choix o\u00f9 faire r\u00e9parer votre bateau vous revient. Toutefois, votre contrat d\u2019assurance vous indemnisera uniquement sur l\u2019estim\u00e9 le plus raisonnable. (Tout frais additionnels &hellip; Suite\" \/>\n<meta property=\"og:url\" content=\"https:\/\/premiergroup.ca\/fr\/understanding-the-marine-claims-process\/\" \/>\n<meta property=\"og:site_name\" content=\"Premier\" \/>\n<meta property=\"article:modified_time\" content=\"2022-01-22T01:55:47+00:00\" \/>\n<meta name=\"twitter:label1\" content=\"Dur\u00e9e de lecture estim\u00e9e\" \/>\n\t<meta name=\"twitter:data1\" content=\"2 minutes\" \/>\n<script type=\"application\/ld+json\" class=\"yoast-schema-graph\">{\"@context\":\"https:\/\/schema.org\",\"@graph\":[{\"@type\":\"WebPage\",\"@id\":\"https:\/\/premiergroup.ca\/fr\/understanding-the-marine-claims-process\/\",\"url\":\"https:\/\/premiergroup.ca\/fr\/understanding-the-marine-claims-process\/\",\"name\":\"Notre processus de r\u00e9clamation pour bateau de plaisance | Premier\",\"isPartOf\":{\"@id\":\"https:\/\/premiergroup.ca\/fr\/#website\"},\"datePublished\":\"2013-01-10T08:57:42+00:00\",\"dateModified\":\"2022-01-22T01:55:47+00:00\",\"breadcrumb\":{\"@id\":\"https:\/\/premiergroup.ca\/fr\/understanding-the-marine-claims-process\/#breadcrumb\"},\"inLanguage\":\"fr-FR\",\"potentialAction\":[{\"@type\":\"ReadAction\",\"target\":[\"https:\/\/premiergroup.ca\/fr\/understanding-the-marine-claims-process\/\"]}]},{\"@type\":\"BreadcrumbList\",\"@id\":\"https:\/\/premiergroup.ca\/fr\/understanding-the-marine-claims-process\/#breadcrumb\",\"itemListElement\":[{\"@type\":\"ListItem\",\"position\":1,\"name\":\"Home\",\"item\":\"https:\/\/premiergroup.ca\/fr\/\"},{\"@type\":\"ListItem\",\"position\":2,\"name\":\"Notre processus de r\u00e9clamation pour bateau de plaisance\"}]},{\"@type\":\"WebSite\",\"@id\":\"https:\/\/premiergroup.ca\/fr\/#website\",\"url\":\"https:\/\/premiergroup.ca\/fr\/\",\"name\":\"Premier\",\"description\":\"think Premier...for all your Specialty needs.\",\"potentialAction\":[{\"@type\":\"SearchAction\",\"target\":{\"@type\":\"EntryPoint\",\"urlTemplate\":\"https:\/\/premiergroup.ca\/fr\/?s={search_term_string}\"},\"query-input\":{\"@type\":\"PropertyValueSpecification\",\"valueRequired\":true,\"valueName\":\"search_term_string\"}}],\"inLanguage\":\"fr-FR\"}]}<\/script>\n<!-- \/ Yoast SEO plugin. -->","yoast_head_json":{"title":"Notre processus de r\u00e9clamation pour bateau de plaisance | Premier","robots":{"index":"index","follow":"follow","max-snippet":"max-snippet:-1","max-image-preview":"max-image-preview:large","max-video-preview":"max-video-preview:-1"},"canonical":"https:\/\/premiergroup.ca\/fr\/understanding-the-marine-claims-process\/","og_locale":"fr_FR","og_type":"article","og_title":"Notre processus de r\u00e9clamation pour bateau de plaisance | Premier","og_description":"Comprendre le processus de r\u00e9clamation pour les bateaux de plaisance Qui choisit l\u2019emplacement pour les r\u00e9parations? Le choix o\u00f9 faire r\u00e9parer votre bateau vous revient. Toutefois, votre contrat d\u2019assurance vous indemnisera uniquement sur l\u2019estim\u00e9 le plus raisonnable. (Tout frais additionnels &hellip; Suite","og_url":"https:\/\/premiergroup.ca\/fr\/understanding-the-marine-claims-process\/","og_site_name":"Premier","article_modified_time":"2022-01-22T01:55:47+00:00","twitter_misc":{"Dur\u00e9e de lecture estim\u00e9e":"2 minutes"},"schema":{"@context":"https:\/\/schema.org","@graph":[{"@type":"WebPage","@id":"https:\/\/premiergroup.ca\/fr\/understanding-the-marine-claims-process\/","url":"https:\/\/premiergroup.ca\/fr\/understanding-the-marine-claims-process\/","name":"Notre processus de r\u00e9clamation pour bateau de plaisance | Premier","isPartOf":{"@id":"https:\/\/premiergroup.ca\/fr\/#website"},"datePublished":"2013-01-10T08:57:42+00:00","dateModified":"2022-01-22T01:55:47+00:00","breadcrumb":{"@id":"https:\/\/premiergroup.ca\/fr\/understanding-the-marine-claims-process\/#breadcrumb"},"inLanguage":"fr-FR","potentialAction":[{"@type":"ReadAction","target":["https:\/\/premiergroup.ca\/fr\/understanding-the-marine-claims-process\/"]}]},{"@type":"BreadcrumbList","@id":"https:\/\/premiergroup.ca\/fr\/understanding-the-marine-claims-process\/#breadcrumb","itemListElement":[{"@type":"ListItem","position":1,"name":"Home","item":"https:\/\/premiergroup.ca\/fr\/"},{"@type":"ListItem","position":2,"name":"Notre processus de r\u00e9clamation pour bateau de plaisance"}]},{"@type":"WebSite","@id":"https:\/\/premiergroup.ca\/fr\/#website","url":"https:\/\/premiergroup.ca\/fr\/","name":"Premier","description":"think Premier...for all your Specialty needs.","potentialAction":[{"@type":"SearchAction","target":{"@type":"EntryPoint","urlTemplate":"https:\/\/premiergroup.ca\/fr\/?s={search_term_string}"},"query-input":{"@type":"PropertyValueSpecification","valueRequired":true,"valueName":"search_term_string"}}],"inLanguage":"fr-FR"}]}},"_links":{"self":[{"href":"https:\/\/premiergroup.ca\/fr\/wp-json\/wp\/v2\/pages\/5135","targetHints":{"allow":["GET"]}}],"collection":[{"href":"https:\/\/premiergroup.ca\/fr\/wp-json\/wp\/v2\/pages"}],"about":[{"href":"https:\/\/premiergroup.ca\/fr\/wp-json\/wp\/v2\/types\/page"}],"author":[{"embeddable":true,"href":"https:\/\/premiergroup.ca\/fr\/wp-json\/wp\/v2\/users\/6"}],"replies":[{"embeddable":true,"href":"https:\/\/premiergroup.ca\/fr\/wp-json\/wp\/v2\/comments?post=5135"}],"version-history":[{"count":0,"href":"https:\/\/premiergroup.ca\/fr\/wp-json\/wp\/v2\/pages\/5135\/revisions"}],"wp:attachment":[{"href":"https:\/\/premiergroup.ca\/fr\/wp-json\/wp\/v2\/media?parent=5135"}],"curies":[{"name":"wp","href":"https:\/\/api.w.org\/{rel}","templated":true}]}}