{"id":750,"date":"2012-07-14T02:24:40","date_gmt":"2012-07-14T02:24:40","guid":{"rendered":"https:\/\/premiergroup.ca\/?page_id=750"},"modified":"2023-05-17T20:23:23","modified_gmt":"2023-05-17T20:23:23","slug":"appliquez","status":"publish","type":"page","link":"https:\/\/premiergroup.ca\/fr\/appliquez\/","title":{"rendered":"Appliquez pour devenir partenaire"},"content":{"rendered":"<p>Toutes les sections doivent \u00eatre compl\u00e9t\u00e9es et retourn\u00e9es par courriel <a href=\"mailto:premierbrokers@premiergroup.ca\">premierbrokers@premiergroup.ca<\/a>.<\/p>\n<h3><strong>T\u00e9l\u00e9chargez notre formulaire \u00e0 compl\u00e9ter<\/strong><\/h3>\n<p><a href=\"https:\/\/premiergroup.ca\/fr\/documents\/formulaire-pour-devenir-courtier-premier\/\">Formulaire pour devenir courtier Premier<\/a><\/p>\n","protected":false},"excerpt":{"rendered":"<p>Toutes les sections doivent \u00eatre compl\u00e9t\u00e9es et retourn\u00e9es par courriel premierbrokers@premiergroup.ca. T\u00e9l\u00e9chargez notre formulaire \u00e0 compl\u00e9ter Formulaire pour devenir courtier Premier<\/p>\n","protected":false},"author":9,"featured_media":0,"parent":0,"menu_order":0,"comment_status":"open","ping_status":"closed","template":"","meta":{"_acf_changed":false,"footnotes":""},"class_list":["post-750","page","type-page","status-publish","hentry"],"acf":[],"yoast_head":"<!-- This site is optimized with the Yoast SEO plugin v26.0 - https:\/\/yoast.com\/wordpress\/plugins\/seo\/ -->\n<title>Appliquez pour devenir partenaire<\/title>\n<meta name=\"robots\" content=\"index, follow, max-snippet:-1, max-image-preview:large, max-video-preview:-1\" \/>\n<link rel=\"canonical\" href=\"https:\/\/premiergroup.ca\/fr\/appliquez\/\" \/>\n<meta property=\"og:locale\" content=\"fr_FR\" \/>\n<meta property=\"og:type\" content=\"article\" \/>\n<meta property=\"og:title\" content=\"Appliquez pour devenir partenaire\" \/>\n<meta property=\"og:description\" content=\"Toutes les sections doivent \u00eatre compl\u00e9t\u00e9es et retourn\u00e9es par courriel premierbrokers@premiergroup.ca. T\u00e9l\u00e9chargez notre formulaire \u00e0 compl\u00e9ter Formulaire pour devenir courtier Premier\" \/>\n<meta property=\"og:url\" content=\"https:\/\/premiergroup.ca\/fr\/appliquez\/\" \/>\n<meta property=\"og:site_name\" content=\"Premier\" \/>\n<meta property=\"article:modified_time\" content=\"2023-05-17T20:23:23+00:00\" \/>\n<script type=\"application\/ld+json\" class=\"yoast-schema-graph\">{\"@context\":\"https:\/\/schema.org\",\"@graph\":[{\"@type\":\"WebPage\",\"@id\":\"https:\/\/premiergroup.ca\/fr\/appliquez\/\",\"url\":\"https:\/\/premiergroup.ca\/fr\/appliquez\/\",\"name\":\"Appliquez pour devenir partenaire\",\"isPartOf\":{\"@id\":\"https:\/\/premiergroup.ca\/fr\/#website\"},\"datePublished\":\"2012-07-14T02:24:40+00:00\",\"dateModified\":\"2023-05-17T20:23:23+00:00\",\"breadcrumb\":{\"@id\":\"https:\/\/premiergroup.ca\/fr\/appliquez\/#breadcrumb\"},\"inLanguage\":\"fr-FR\",\"potentialAction\":[{\"@type\":\"ReadAction\",\"target\":[\"https:\/\/premiergroup.ca\/fr\/appliquez\/\"]}]},{\"@type\":\"BreadcrumbList\",\"@id\":\"https:\/\/premiergroup.ca\/fr\/appliquez\/#breadcrumb\",\"itemListElement\":[{\"@type\":\"ListItem\",\"position\":1,\"name\":\"Home\",\"item\":\"https:\/\/premiergroup.ca\/fr\/\"},{\"@type\":\"ListItem\",\"position\":2,\"name\":\"Appliquez pour devenir partenaire\"}]},{\"@type\":\"WebSite\",\"@id\":\"https:\/\/premiergroup.ca\/fr\/#website\",\"url\":\"https:\/\/premiergroup.ca\/fr\/\",\"name\":\"Premier\",\"description\":\"think Premier...for all your Specialty needs.\",\"potentialAction\":[{\"@type\":\"SearchAction\",\"target\":{\"@type\":\"EntryPoint\",\"urlTemplate\":\"https:\/\/premiergroup.ca\/fr\/?s={search_term_string}\"},\"query-input\":{\"@type\":\"PropertyValueSpecification\",\"valueRequired\":true,\"valueName\":\"search_term_string\"}}],\"inLanguage\":\"fr-FR\"}]}<\/script>\n<!-- \/ Yoast SEO plugin. -->","yoast_head_json":{"title":"Appliquez pour devenir partenaire","robots":{"index":"index","follow":"follow","max-snippet":"max-snippet:-1","max-image-preview":"max-image-preview:large","max-video-preview":"max-video-preview:-1"},"canonical":"https:\/\/premiergroup.ca\/fr\/appliquez\/","og_locale":"fr_FR","og_type":"article","og_title":"Appliquez pour devenir partenaire","og_description":"Toutes les sections doivent \u00eatre compl\u00e9t\u00e9es et retourn\u00e9es par courriel premierbrokers@premiergroup.ca. T\u00e9l\u00e9chargez notre formulaire \u00e0 compl\u00e9ter Formulaire pour devenir courtier Premier","og_url":"https:\/\/premiergroup.ca\/fr\/appliquez\/","og_site_name":"Premier","article_modified_time":"2023-05-17T20:23:23+00:00","schema":{"@context":"https:\/\/schema.org","@graph":[{"@type":"WebPage","@id":"https:\/\/premiergroup.ca\/fr\/appliquez\/","url":"https:\/\/premiergroup.ca\/fr\/appliquez\/","name":"Appliquez pour devenir partenaire","isPartOf":{"@id":"https:\/\/premiergroup.ca\/fr\/#website"},"datePublished":"2012-07-14T02:24:40+00:00","dateModified":"2023-05-17T20:23:23+00:00","breadcrumb":{"@id":"https:\/\/premiergroup.ca\/fr\/appliquez\/#breadcrumb"},"inLanguage":"fr-FR","potentialAction":[{"@type":"ReadAction","target":["https:\/\/premiergroup.ca\/fr\/appliquez\/"]}]},{"@type":"BreadcrumbList","@id":"https:\/\/premiergroup.ca\/fr\/appliquez\/#breadcrumb","itemListElement":[{"@type":"ListItem","position":1,"name":"Home","item":"https:\/\/premiergroup.ca\/fr\/"},{"@type":"ListItem","position":2,"name":"Appliquez pour devenir partenaire"}]},{"@type":"WebSite","@id":"https:\/\/premiergroup.ca\/fr\/#website","url":"https:\/\/premiergroup.ca\/fr\/","name":"Premier","description":"think Premier...for all your Specialty needs.","potentialAction":[{"@type":"SearchAction","target":{"@type":"EntryPoint","urlTemplate":"https:\/\/premiergroup.ca\/fr\/?s={search_term_string}"},"query-input":{"@type":"PropertyValueSpecification","valueRequired":true,"valueName":"search_term_string"}}],"inLanguage":"fr-FR"}]}},"_links":{"self":[{"href":"https:\/\/premiergroup.ca\/fr\/wp-json\/wp\/v2\/pages\/750","targetHints":{"allow":["GET"]}}],"collection":[{"href":"https:\/\/premiergroup.ca\/fr\/wp-json\/wp\/v2\/pages"}],"about":[{"href":"https:\/\/premiergroup.ca\/fr\/wp-json\/wp\/v2\/types\/page"}],"author":[{"embeddable":true,"href":"https:\/\/premiergroup.ca\/fr\/wp-json\/wp\/v2\/users\/9"}],"replies":[{"embeddable":true,"href":"https:\/\/premiergroup.ca\/fr\/wp-json\/wp\/v2\/comments?post=750"}],"version-history":[{"count":0,"href":"https:\/\/premiergroup.ca\/fr\/wp-json\/wp\/v2\/pages\/750\/revisions"}],"wp:attachment":[{"href":"https:\/\/premiergroup.ca\/fr\/wp-json\/wp\/v2\/media?parent=750"}],"curies":[{"name":"wp","href":"https:\/\/api.w.org\/{rel}","templated":true}]}}