{"id":775,"date":"2012-07-14T02:23:40","date_gmt":"2012-07-14T02:23:40","guid":{"rendered":"https:\/\/premiergroup.ca\/?page_id=775"},"modified":"2026-03-06T19:37:49","modified_gmt":"2026-03-06T19:37:49","slug":"about","status":"publish","type":"page","link":"https:\/\/premiergroup.ca\/fr\/about\/","title":{"rendered":"\u00c0 propos de Premier Canada Assurance et Premier Marine"},"content":{"rendered":"\n<p><strong>Qui sommes-nous<\/strong><br>Une agence g\u00e9n\u00e9rale de gestion \u00e9tablie en 1989. Nous op\u00e9rons sous les noms de Premier Canada Assurance Managers Ltd. Et &nbsp;Premier Marine Insurance Managers Group (WEST) Inc. (\u00ab Premier \u00bb).<\/p>\n\n\n\n<p><strong>Nos produits d\u2019assurance<br><\/strong>Nous proposons des produits sp\u00e9cialis\u00e9s en assurance des lignes commerciales, des lignes personnelles et de la marine. Ces produits, d\u00e9velopp\u00e9s en interne, sont uniques \u00e0 Premier et souscrits par les compagnies d\u2019assurance que nous repr\u00e9sentons.<\/p>\n\n\n\n<p>Nous desservons tous nos courtiers, partenaires et assur\u00e9s d\u2019un oc\u00e9an \u00e0 l\u2019autre.<\/p>\n\n\n\n<p><strong>Les compagnies d\u2019assurance que nous repr\u00e9sentons<br><\/strong>Premier dispose d\u2019une d\u00e9l\u00e9gation d\u2019autorit\u00e9 en souscription de la part de deux assureurs agr\u00e9\u00e9s par le gouvernement f\u00e9d\u00e9ral au Canada, ayant une cote minimale AM Best de A- (Excellent) :<\/p>\n\n\n\n<ul class=\"wp-block-list\">\n<li>La Souveraine, Compagnie d\u2019Assurance G\u00e9n\u00e9rale<\/li>\n\n\n\n<li>Certains souscripteurs de Lloyds<\/li>\n<\/ul>\n\n\n\n<p>Premier inclut le nom de la ou des compagnies d\u2019assurance souscrivant chaque police, y compris le syndicat principal des Lloyds Underwriters, sur chaque d\u00e9claration de police.<\/p>\n\n\n\n<p><strong>Licences et assurances<br><\/strong>Premier Canada Assurance et Premier Marine d\u00e9tiennent les licences d\u2019assurance n\u00e9cessaires, conform\u00e9ment aux exigences des r\u00e9gulateurs provinciaux dans les juridictions canadiennes o\u00f9 nous exer\u00e7ons.<\/p>\n\n\n\n<p>Nous sommes pleinement assur\u00e9s, y compris une couverture en responsabilit\u00e9 civile professionnelle (Erreurs et Omissions), comme l\u2019exigent les r\u00e9gulateurs.<\/p>\n\n\n\n<p><strong>Conditions g\u00e9n\u00e9rales de Premier<br><\/strong>Votre vie priv\u00e9e, votre s\u00e9curit\u00e9 et le respect des lois et r\u00e8glements r\u00e9gissant les agences g\u00e9n\u00e9rales de gestion sont essentiels \u00e0 notre service envers nos clients et partenaires.<br><a href=\"https:\/\/premiergroup.ca\/fr\/terms\/\">Lire nos conditions g\u00e9n\u00e9rales<\/a><\/p>\n\n\n\n<p><strong>Notre \u00e9quipe<br><\/strong>Pr\u00e9sidente par int\u00e9rim et cheffe de l\u2019exploitation, <strong>Karen Hopkins-Lee<\/strong>, dirige une \u00e9quipe de plus de 150 souscripteurs exp\u00e9riment\u00e9s, experts en sinistres, comptables et assistants en souscription. R\u00e9partis \u00e0 travers le Canada, nous offrons \u00e0 nos partenaires courtiers des connaissances locales, un service en anglais et en fran\u00e7ais, ainsi qu\u2019une assistance prolong\u00e9e de 8 h (HE) \u00e0 20 h (HE) (17 h HP) via notre num\u00e9ro sans frais : 855-761-8788.<\/p>\n\n\n\n<p>Notre <a href=\"https:\/\/premiergroup.ca\/fr\/team\/\">\u00e9quipe de direction<\/a> est l\u00e0 pour vous accompagner.<\/p>\n\n\n\n<p><strong>O\u00f9 sommes-nous situ\u00e9s?<br><\/strong>Premier poss\u00e8de cinq bureaux \u00e0 travers le Canada :<\/p>\n\n\n\n<p><strong>Si\u00e8ge social : Vancouver, BC<\/strong><br>1700 \u2013 601 W. Hastings Street, Vancouver, Colombie-Britannique, V6B 1M8<br>T\u00e9l. : 604-669-5211<\/p>\n\n\n\n<p><strong>Toronto, ON<\/strong><br>330 Bay Street, Suite 508, Toronto, Ontario, M5H 2S8<br>T\u00e9l. : 416-365-0444<\/p>\n\n\n\n<p><strong>London, ON<\/strong><br>380 Wellington Street, Suite 20, London, Ontario, N6A 5B5<br>T\u00e9l. : 519-850-1610<\/p>\n\n\n\n<p><strong>Cambridge, ON<\/strong><br>#31 &#8211; 260 Holiday Inn Drive, Cambridge, Ontario, N3C 4E8<br>T\u00e9l. : 226-770-5260<\/p>\n\n\n\n<p><strong>Laval, QC<\/strong><br>3055 Saint-Martin Ouest, Suite T5008, Laval, Qu\u00e9bec, H7T 0J3<br>T\u00e9l. : 450-497-0016<\/p>\n\n\n\n<p>Merci pour votre soutien continu.&nbsp;Nous appr\u00e9cions vos commentaires et vos questions. N\u2019h\u00e9sitez pas \u00e0 visiter l\u2019un de nos bureaux \u00e0 tout moment.<\/p>\n","protected":false},"excerpt":{"rendered":"<p>Qui sommes-nousUne agence g\u00e9n\u00e9rale de gestion \u00e9tablie en 1989. Nous op\u00e9rons sous les noms de Premier Canada Assurance Managers Ltd. Et &nbsp;Premier Marine Insurance Managers Group (WEST) Inc. (\u00ab Premier \u00bb). Nos produits d\u2019assuranceNous proposons des produits sp\u00e9cialis\u00e9s en assurance &hellip; <a href=\"https:\/\/premiergroup.ca\/fr\/about\/\">Suite<\/a><\/p>\n","protected":false},"author":9,"featured_media":0,"parent":0,"menu_order":0,"comment_status":"open","ping_status":"closed","template":"","meta":{"_acf_changed":false,"footnotes":""},"class_list":["post-775","page","type-page","status-publish","hentry"],"acf":[],"yoast_head":"<!-- This site is optimized with the Yoast SEO plugin v26.0 - https:\/\/yoast.com\/wordpress\/plugins\/seo\/ -->\n<title>\u00c0 propos de Premier Canada Assurance et Premier Marine | Premier<\/title>\n<meta name=\"robots\" content=\"index, follow, max-snippet:-1, max-image-preview:large, max-video-preview:-1\" \/>\n<link rel=\"canonical\" href=\"https:\/\/premiergroup.ca\/fr\/about\/\" \/>\n<meta property=\"og:locale\" content=\"fr_FR\" \/>\n<meta property=\"og:type\" content=\"article\" \/>\n<meta property=\"og:title\" content=\"\u00c0 propos de Premier Canada Assurance et Premier Marine | Premier\" \/>\n<meta property=\"og:description\" content=\"Qui sommes-nousUne agence g\u00e9n\u00e9rale de gestion \u00e9tablie en 1989. Nous op\u00e9rons sous les noms de Premier Canada Assurance Managers Ltd. Et &nbsp;Premier Marine Insurance Managers Group (WEST) Inc. (\u00ab Premier \u00bb). Nos produits d\u2019assuranceNous proposons des produits sp\u00e9cialis\u00e9s en assurance &hellip; Suite\" \/>\n<meta property=\"og:url\" content=\"https:\/\/premiergroup.ca\/fr\/about\/\" \/>\n<meta property=\"og:site_name\" content=\"Premier\" \/>\n<meta property=\"article:modified_time\" content=\"2026-03-06T19:37:49+00:00\" \/>\n<script type=\"application\/ld+json\" class=\"yoast-schema-graph\">{\"@context\":\"https:\/\/schema.org\",\"@graph\":[{\"@type\":\"WebPage\",\"@id\":\"https:\/\/premiergroup.ca\/fr\/about\/\",\"url\":\"https:\/\/premiergroup.ca\/fr\/about\/\",\"name\":\"\u00c0 propos de Premier Canada Assurance et Premier Marine | Premier\",\"isPartOf\":{\"@id\":\"https:\/\/premiergroup.ca\/fr\/#website\"},\"datePublished\":\"2012-07-14T02:23:40+00:00\",\"dateModified\":\"2026-03-06T19:37:49+00:00\",\"breadcrumb\":{\"@id\":\"https:\/\/premiergroup.ca\/fr\/about\/#breadcrumb\"},\"inLanguage\":\"fr-FR\",\"potentialAction\":[{\"@type\":\"ReadAction\",\"target\":[\"https:\/\/premiergroup.ca\/fr\/about\/\"]}]},{\"@type\":\"BreadcrumbList\",\"@id\":\"https:\/\/premiergroup.ca\/fr\/about\/#breadcrumb\",\"itemListElement\":[{\"@type\":\"ListItem\",\"position\":1,\"name\":\"Home\",\"item\":\"https:\/\/premiergroup.ca\/fr\/\"},{\"@type\":\"ListItem\",\"position\":2,\"name\":\"\u00c0 propos de Premier Canada Assurance et Premier Marine\"}]},{\"@type\":\"WebSite\",\"@id\":\"https:\/\/premiergroup.ca\/fr\/#website\",\"url\":\"https:\/\/premiergroup.ca\/fr\/\",\"name\":\"Premier\",\"description\":\"think Premier...for all your Specialty needs.\",\"potentialAction\":[{\"@type\":\"SearchAction\",\"target\":{\"@type\":\"EntryPoint\",\"urlTemplate\":\"https:\/\/premiergroup.ca\/fr\/?s={search_term_string}\"},\"query-input\":{\"@type\":\"PropertyValueSpecification\",\"valueRequired\":true,\"valueName\":\"search_term_string\"}}],\"inLanguage\":\"fr-FR\"}]}<\/script>\n<!-- \/ Yoast SEO plugin. -->","yoast_head_json":{"title":"\u00c0 propos de Premier Canada Assurance et Premier Marine | Premier","robots":{"index":"index","follow":"follow","max-snippet":"max-snippet:-1","max-image-preview":"max-image-preview:large","max-video-preview":"max-video-preview:-1"},"canonical":"https:\/\/premiergroup.ca\/fr\/about\/","og_locale":"fr_FR","og_type":"article","og_title":"\u00c0 propos de Premier Canada Assurance et Premier Marine | Premier","og_description":"Qui sommes-nousUne agence g\u00e9n\u00e9rale de gestion \u00e9tablie en 1989. Nous op\u00e9rons sous les noms de Premier Canada Assurance Managers Ltd. Et &nbsp;Premier Marine Insurance Managers Group (WEST) Inc. (\u00ab Premier \u00bb). Nos produits d\u2019assuranceNous proposons des produits sp\u00e9cialis\u00e9s en assurance &hellip; Suite","og_url":"https:\/\/premiergroup.ca\/fr\/about\/","og_site_name":"Premier","article_modified_time":"2026-03-06T19:37:49+00:00","schema":{"@context":"https:\/\/schema.org","@graph":[{"@type":"WebPage","@id":"https:\/\/premiergroup.ca\/fr\/about\/","url":"https:\/\/premiergroup.ca\/fr\/about\/","name":"\u00c0 propos de Premier Canada Assurance et Premier Marine | Premier","isPartOf":{"@id":"https:\/\/premiergroup.ca\/fr\/#website"},"datePublished":"2012-07-14T02:23:40+00:00","dateModified":"2026-03-06T19:37:49+00:00","breadcrumb":{"@id":"https:\/\/premiergroup.ca\/fr\/about\/#breadcrumb"},"inLanguage":"fr-FR","potentialAction":[{"@type":"ReadAction","target":["https:\/\/premiergroup.ca\/fr\/about\/"]}]},{"@type":"BreadcrumbList","@id":"https:\/\/premiergroup.ca\/fr\/about\/#breadcrumb","itemListElement":[{"@type":"ListItem","position":1,"name":"Home","item":"https:\/\/premiergroup.ca\/fr\/"},{"@type":"ListItem","position":2,"name":"\u00c0 propos de Premier Canada Assurance et Premier Marine"}]},{"@type":"WebSite","@id":"https:\/\/premiergroup.ca\/fr\/#website","url":"https:\/\/premiergroup.ca\/fr\/","name":"Premier","description":"think Premier...for all your Specialty needs.","potentialAction":[{"@type":"SearchAction","target":{"@type":"EntryPoint","urlTemplate":"https:\/\/premiergroup.ca\/fr\/?s={search_term_string}"},"query-input":{"@type":"PropertyValueSpecification","valueRequired":true,"valueName":"search_term_string"}}],"inLanguage":"fr-FR"}]}},"_links":{"self":[{"href":"https:\/\/premiergroup.ca\/fr\/wp-json\/wp\/v2\/pages\/775","targetHints":{"allow":["GET"]}}],"collection":[{"href":"https:\/\/premiergroup.ca\/fr\/wp-json\/wp\/v2\/pages"}],"about":[{"href":"https:\/\/premiergroup.ca\/fr\/wp-json\/wp\/v2\/types\/page"}],"author":[{"embeddable":true,"href":"https:\/\/premiergroup.ca\/fr\/wp-json\/wp\/v2\/users\/9"}],"replies":[{"embeddable":true,"href":"https:\/\/premiergroup.ca\/fr\/wp-json\/wp\/v2\/comments?post=775"}],"version-history":[{"count":0,"href":"https:\/\/premiergroup.ca\/fr\/wp-json\/wp\/v2\/pages\/775\/revisions"}],"wp:attachment":[{"href":"https:\/\/premiergroup.ca\/fr\/wp-json\/wp\/v2\/media?parent=775"}],"curies":[{"name":"wp","href":"https:\/\/api.w.org\/{rel}","templated":true}]}}