{"id":783,"date":"2012-08-17T20:20:54","date_gmt":"2012-08-17T20:20:54","guid":{"rendered":"https:\/\/premiergroup.ca\/?page_id=783"},"modified":"2021-03-30T18:47:41","modified_gmt":"2021-03-30T18:47:41","slug":"contact","status":"publish","type":"page","link":"https:\/\/premiergroup.ca\/fr\/contact\/","title":{"rendered":"Contactez Premier"},"content":{"rendered":"<p><strong>Toutes nos \u00e9quipes sont disponibles pour vous servir:<\/strong><\/p>\n<ul>\n<li>Cliquez sur \u00ab\u00a0Envoyez votre demande\u00a0\u00bb pour toutes demandes de soumission, de modification, au sujet d\u2019une r\u00e9clamation ou de la comptabilit\u00e9 \u2013 vous pouvez aussi envoyer votre demande par courriel \u00e0 l\u2019une de nos adresses sp\u00e9cifiques &#8211; nous avons une \u00e9quipe d\u00e9di\u00e9e qui re\u00e7oit ces courriels afin de s\u2019assurer que toutes les demandes soient trait\u00e9es rapidement.<\/li>\n<li>Cliquez sur \u00ab\u00a0Contacts directs\u00a0\u00bb pour acc\u00e9der facilement \u00e0 la liste des membres de l&rsquo;\u00e9quipe par bureau et nom (courriel et lignes directes).<\/li>\n<li>Suivez-nous sur Linkedin pour ne pas manquer nos mises \u00e0 jour et autres informations.<\/li>\n<li>Toutes les autres demandes peuvent \u00eatre adress\u00e9es au bureau de votre r\u00e9gion, vous trouverez les informations ci-bas.<\/li>\n<\/ul>\n","protected":false},"excerpt":{"rendered":"<p>Toutes nos \u00e9quipes sont disponibles pour vous servir: Cliquez sur \u00ab\u00a0Envoyez votre demande\u00a0\u00bb pour toutes demandes de soumission, de modification, au sujet d\u2019une r\u00e9clamation ou de la comptabilit\u00e9 \u2013 vous pouvez aussi envoyer votre demande par courriel \u00e0 l\u2019une de &hellip; <a href=\"https:\/\/premiergroup.ca\/fr\/contact\/\">Suite<\/a><\/p>\n","protected":false},"author":9,"featured_media":0,"parent":0,"menu_order":0,"comment_status":"open","ping_status":"closed","template":"page-contact.php","meta":{"_acf_changed":false,"footnotes":""},"class_list":["post-783","page","type-page","status-publish","hentry"],"acf":[],"yoast_head":"<!-- This site is optimized with the Yoast SEO plugin v26.0 - https:\/\/yoast.com\/wordpress\/plugins\/seo\/ -->\n<title>Contactez Premier | Premier<\/title>\n<meta name=\"robots\" content=\"index, follow, max-snippet:-1, max-image-preview:large, max-video-preview:-1\" \/>\n<link rel=\"canonical\" href=\"https:\/\/premiergroup.ca\/fr\/contact\/\" \/>\n<meta property=\"og:locale\" content=\"fr_FR\" \/>\n<meta property=\"og:type\" content=\"article\" \/>\n<meta property=\"og:title\" content=\"Contactez Premier | Premier\" \/>\n<meta property=\"og:description\" content=\"Toutes nos \u00e9quipes sont disponibles pour vous servir: Cliquez sur \u00ab\u00a0Envoyez votre demande\u00a0\u00bb pour toutes demandes de soumission, de modification, au sujet d\u2019une r\u00e9clamation ou de la comptabilit\u00e9 \u2013 vous pouvez aussi envoyer votre demande par courriel \u00e0 l\u2019une de &hellip; Suite\" \/>\n<meta property=\"og:url\" content=\"https:\/\/premiergroup.ca\/fr\/contact\/\" \/>\n<meta property=\"og:site_name\" content=\"Premier\" \/>\n<meta property=\"article:modified_time\" content=\"2021-03-30T18:47:41+00:00\" \/>\n<meta name=\"twitter:label1\" content=\"Dur\u00e9e de lecture estim\u00e9e\" \/>\n\t<meta name=\"twitter:data1\" content=\"1 minute\" \/>\n<script type=\"application\/ld+json\" class=\"yoast-schema-graph\">{\"@context\":\"https:\/\/schema.org\",\"@graph\":[{\"@type\":\"WebPage\",\"@id\":\"https:\/\/premiergroup.ca\/fr\/contact\/\",\"url\":\"https:\/\/premiergroup.ca\/fr\/contact\/\",\"name\":\"Contactez Premier | Premier\",\"isPartOf\":{\"@id\":\"https:\/\/premiergroup.ca\/fr\/#website\"},\"datePublished\":\"2012-08-17T20:20:54+00:00\",\"dateModified\":\"2021-03-30T18:47:41+00:00\",\"breadcrumb\":{\"@id\":\"https:\/\/premiergroup.ca\/fr\/contact\/#breadcrumb\"},\"inLanguage\":\"fr-FR\",\"potentialAction\":[{\"@type\":\"ReadAction\",\"target\":[\"https:\/\/premiergroup.ca\/fr\/contact\/\"]}]},{\"@type\":\"BreadcrumbList\",\"@id\":\"https:\/\/premiergroup.ca\/fr\/contact\/#breadcrumb\",\"itemListElement\":[{\"@type\":\"ListItem\",\"position\":1,\"name\":\"Home\",\"item\":\"https:\/\/premiergroup.ca\/fr\/\"},{\"@type\":\"ListItem\",\"position\":2,\"name\":\"Contactez Premier\"}]},{\"@type\":\"WebSite\",\"@id\":\"https:\/\/premiergroup.ca\/fr\/#website\",\"url\":\"https:\/\/premiergroup.ca\/fr\/\",\"name\":\"Premier\",\"description\":\"think Premier...for all your Specialty needs.\",\"potentialAction\":[{\"@type\":\"SearchAction\",\"target\":{\"@type\":\"EntryPoint\",\"urlTemplate\":\"https:\/\/premiergroup.ca\/fr\/?s={search_term_string}\"},\"query-input\":{\"@type\":\"PropertyValueSpecification\",\"valueRequired\":true,\"valueName\":\"search_term_string\"}}],\"inLanguage\":\"fr-FR\"}]}<\/script>\n<!-- \/ Yoast SEO plugin. -->","yoast_head_json":{"title":"Contactez Premier | Premier","robots":{"index":"index","follow":"follow","max-snippet":"max-snippet:-1","max-image-preview":"max-image-preview:large","max-video-preview":"max-video-preview:-1"},"canonical":"https:\/\/premiergroup.ca\/fr\/contact\/","og_locale":"fr_FR","og_type":"article","og_title":"Contactez Premier | Premier","og_description":"Toutes nos \u00e9quipes sont disponibles pour vous servir: Cliquez sur \u00ab\u00a0Envoyez votre demande\u00a0\u00bb pour toutes demandes de soumission, de modification, au sujet d\u2019une r\u00e9clamation ou de la comptabilit\u00e9 \u2013 vous pouvez aussi envoyer votre demande par courriel \u00e0 l\u2019une de &hellip; Suite","og_url":"https:\/\/premiergroup.ca\/fr\/contact\/","og_site_name":"Premier","article_modified_time":"2021-03-30T18:47:41+00:00","twitter_misc":{"Dur\u00e9e de lecture estim\u00e9e":"1 minute"},"schema":{"@context":"https:\/\/schema.org","@graph":[{"@type":"WebPage","@id":"https:\/\/premiergroup.ca\/fr\/contact\/","url":"https:\/\/premiergroup.ca\/fr\/contact\/","name":"Contactez Premier | Premier","isPartOf":{"@id":"https:\/\/premiergroup.ca\/fr\/#website"},"datePublished":"2012-08-17T20:20:54+00:00","dateModified":"2021-03-30T18:47:41+00:00","breadcrumb":{"@id":"https:\/\/premiergroup.ca\/fr\/contact\/#breadcrumb"},"inLanguage":"fr-FR","potentialAction":[{"@type":"ReadAction","target":["https:\/\/premiergroup.ca\/fr\/contact\/"]}]},{"@type":"BreadcrumbList","@id":"https:\/\/premiergroup.ca\/fr\/contact\/#breadcrumb","itemListElement":[{"@type":"ListItem","position":1,"name":"Home","item":"https:\/\/premiergroup.ca\/fr\/"},{"@type":"ListItem","position":2,"name":"Contactez Premier"}]},{"@type":"WebSite","@id":"https:\/\/premiergroup.ca\/fr\/#website","url":"https:\/\/premiergroup.ca\/fr\/","name":"Premier","description":"think Premier...for all your Specialty needs.","potentialAction":[{"@type":"SearchAction","target":{"@type":"EntryPoint","urlTemplate":"https:\/\/premiergroup.ca\/fr\/?s={search_term_string}"},"query-input":{"@type":"PropertyValueSpecification","valueRequired":true,"valueName":"search_term_string"}}],"inLanguage":"fr-FR"}]}},"_links":{"self":[{"href":"https:\/\/premiergroup.ca\/fr\/wp-json\/wp\/v2\/pages\/783","targetHints":{"allow":["GET"]}}],"collection":[{"href":"https:\/\/premiergroup.ca\/fr\/wp-json\/wp\/v2\/pages"}],"about":[{"href":"https:\/\/premiergroup.ca\/fr\/wp-json\/wp\/v2\/types\/page"}],"author":[{"embeddable":true,"href":"https:\/\/premiergroup.ca\/fr\/wp-json\/wp\/v2\/users\/9"}],"replies":[{"embeddable":true,"href":"https:\/\/premiergroup.ca\/fr\/wp-json\/wp\/v2\/comments?post=783"}],"version-history":[{"count":0,"href":"https:\/\/premiergroup.ca\/fr\/wp-json\/wp\/v2\/pages\/783\/revisions"}],"wp:attachment":[{"href":"https:\/\/premiergroup.ca\/fr\/wp-json\/wp\/v2\/media?parent=783"}],"curies":[{"name":"wp","href":"https:\/\/api.w.org\/{rel}","templated":true}]}}