{"id":7920,"date":"2015-12-10T04:46:12","date_gmt":"2015-12-10T04:46:12","guid":{"rendered":"https:\/\/premiergroup.ca\/requests-2\/"},"modified":"2025-01-07T19:42:24","modified_gmt":"2025-01-07T19:42:24","slug":"requests","status":"publish","type":"page","link":"https:\/\/premiergroup.ca\/fr\/requests\/","title":{"rendered":"CONTACTEZ-NOUS \u2013 NOUS SOMMES L\u00c0 POUR VOUS AIDER"},"content":{"rendered":"\n<p>Les courriels indiqu\u00e9s ci-dessous sont le moyen id\u00e9al pour joindre Premier. Notre \u00e9quipe d\u00e9di\u00e9e les surveille attentivement afin de r\u00e9pondre \u00e0 vos demandes dans les meilleurs d\u00e9lais.<\/p>\n\n\n\n<p><\/p>\n\n\n<h3>Demande de soumission<\/h3>\n<p>Envoyez vos demandes aux:<\/p>\n<table class=\"table table-condensed table-striped\" style=\"height: 117px;\" width=\"402\">\n<thead>\n<tr>\n<th>Adresses Courriels<\/th>\n<th>Classes d&rsquo;affaires<\/th>\n<\/tr>\n<\/thead>\n<tbody>\n<tr>\n<td><a href=\"mailto:Nouvellemarine@premiergroup.ca\">Nouvellemarine@premiergroup.ca<\/a><\/td>\n<td>Bateaux de plaisance<\/td>\n<\/tr>\n<tr>\n<td><a href=\"mailto:Nouvellepersonnel@premiergroup.ca\">Nouvellepersonnel@premiergroup.ca<\/a><\/td>\n<td>Assurance des particuliers<\/td>\n<\/tr>\n<tr>\n<td><a href=\"mailto:Nouvelleprof@premiergroup.ca\">Nouvelleprof@premiergroup.ca<\/a><\/td>\n<td>Responsabilit\u00e9 Professionnelle<\/td>\n<\/tr>\n<tr>\n<td><a href=\"mailto:Nouvelleentreprise@premiergroup.ca\">Nouvelleentreprise@premiergroup.ca<\/a><\/td>\n<td>Assurance des Entreprises<\/td>\n<\/tr>\n<tr>\n<td><a href=\"mailto:Nouvellepollution@premiergroup.ca\">Nouvellepollution@premiergroup.ca<\/a><\/td>\n<td>Responsabilit\u00e9 Environnementale<\/td>\n<\/tr>\n<\/tbody>\n<\/table>\n<hr>\n<h3>Modification de polices<\/h3>\n<p>Envoyez vos demandes aux:<\/p>\n<table class=\"table table-striped table-condensed\" style=\"height: 116px;\" width=\"481\">\n<thead>\n<tr>\n<th>Adresses Courriels<\/th>\n<th>Classes d&rsquo;affaires<\/th>\n<\/tr>\n<\/thead>\n<tbody>\n<tr>\n<td><a href=\"mailto:Emissionentreprise@premiergroup.ca\">Emissionentreprise@premiergroup.ca<\/a><\/td>\n<td>Assurance des Entreprises et &nbsp;Responsabilit\u00e9 Professionnelle<\/td>\n<\/tr>\n<tr>\n<td><a href=\"mailto:Emissionpersonnel@premiergroup.ca\">Emissionpersonnel@premiergroup.ca<\/a><\/td>\n<td>Assurance des particuliers<\/td>\n<\/tr>\n<tr>\n<td><a href=\"mailto:Emissionmarine@premiergroup.ca\">Emissionmarine@premiergroup.ca<\/a><\/td>\n<td>Bateaux de plaisance<\/td>\n<\/tr>\n<\/tbody>\n<\/table>\n<hr>\n<h3>Autres demandes:<\/h3>\n<table class=\"table table-striped table-condensed\" style=\"height: 74px;\" width=\"417\">\n<thead>\n<tr>\n<th>Adresses Courriels<\/th>\n<th>Type de demande<\/th>\n<\/tr>\n<\/thead>\n<tbody>\n<tr>\n<td><a href=\"mailto:marketing@premiergroup.ca\">marketing@premiergroup.ca<\/a><\/td>\n<td>Toutes les demandes de marketing (aucune soumission s&rsquo;il vous pla\u00eet)<\/td>\n<\/tr>\n<tr>\n<td><a href=\"mailto:comptabilite@premiergroup.ca\">comptabilite@premiergroup.ca<\/a><\/td>\n<td>Comptabilit\u00e9<\/td>\n<\/tr>\n<tr>\n<td><a href=\"mailto:reclamations@premiergroup.ca\">reclamations@premiergroup.ca<\/a><\/td>\n<td>R\u00e9clamations<\/td>\n<\/tr>\n<\/tbody>\n<\/table>","protected":false},"excerpt":{"rendered":"<p>Les courriels indiqu\u00e9s ci-dessous sont le moyen id\u00e9al pour joindre Premier. Notre \u00e9quipe d\u00e9di\u00e9e les surveille attentivement afin de r\u00e9pondre \u00e0 vos demandes dans les meilleurs d\u00e9lais. Demande de soumission Envoyez vos demandes aux: Adresses Courriels Classes d&rsquo;affaires Nouvellemarine@premiergroup.ca Bateaux &hellip; <a href=\"https:\/\/premiergroup.ca\/fr\/requests\/\">Suite<\/a><\/p>\n","protected":false},"author":9,"featured_media":0,"parent":0,"menu_order":0,"comment_status":"closed","ping_status":"closed","template":"","meta":{"_acf_changed":false,"footnotes":""},"class_list":["post-7920","page","type-page","status-publish","hentry"],"acf":[],"yoast_head":"<!-- This site is optimized with the Yoast SEO plugin v26.0 - https:\/\/yoast.com\/wordpress\/plugins\/seo\/ -->\n<title>CONTACTEZ-NOUS \u2013 NOUS SOMMES L\u00c0 POUR VOUS AIDER | Premier<\/title>\n<meta name=\"robots\" content=\"index, follow, max-snippet:-1, max-image-preview:large, max-video-preview:-1\" \/>\n<link rel=\"canonical\" href=\"https:\/\/premiergroup.ca\/fr\/requests\/\" \/>\n<meta property=\"og:locale\" content=\"fr_FR\" \/>\n<meta property=\"og:type\" content=\"article\" \/>\n<meta property=\"og:title\" content=\"CONTACTEZ-NOUS \u2013 NOUS SOMMES L\u00c0 POUR VOUS AIDER | Premier\" \/>\n<meta property=\"og:description\" content=\"Les courriels indiqu\u00e9s ci-dessous sont le moyen id\u00e9al pour joindre Premier. Notre \u00e9quipe d\u00e9di\u00e9e les surveille attentivement afin de r\u00e9pondre \u00e0 vos demandes dans les meilleurs d\u00e9lais. Demande de soumission Envoyez vos demandes aux: Adresses Courriels Classes d&rsquo;affaires Nouvellemarine@premiergroup.ca Bateaux &hellip; Suite\" \/>\n<meta property=\"og:url\" content=\"https:\/\/premiergroup.ca\/fr\/requests\/\" \/>\n<meta property=\"og:site_name\" content=\"Premier\" \/>\n<meta property=\"article:modified_time\" content=\"2025-01-07T19:42:24+00:00\" \/>\n<meta name=\"twitter:label1\" content=\"Dur\u00e9e de lecture estim\u00e9e\" \/>\n\t<meta name=\"twitter:data1\" content=\"1 minute\" \/>\n<script type=\"application\/ld+json\" class=\"yoast-schema-graph\">{\"@context\":\"https:\/\/schema.org\",\"@graph\":[{\"@type\":\"WebPage\",\"@id\":\"https:\/\/premiergroup.ca\/fr\/requests\/\",\"url\":\"https:\/\/premiergroup.ca\/fr\/requests\/\",\"name\":\"CONTACTEZ-NOUS \u2013 NOUS SOMMES L\u00c0 POUR VOUS AIDER | Premier\",\"isPartOf\":{\"@id\":\"https:\/\/premiergroup.ca\/fr\/#website\"},\"datePublished\":\"2015-12-10T04:46:12+00:00\",\"dateModified\":\"2025-01-07T19:42:24+00:00\",\"breadcrumb\":{\"@id\":\"https:\/\/premiergroup.ca\/fr\/requests\/#breadcrumb\"},\"inLanguage\":\"fr-FR\",\"potentialAction\":[{\"@type\":\"ReadAction\",\"target\":[\"https:\/\/premiergroup.ca\/fr\/requests\/\"]}]},{\"@type\":\"BreadcrumbList\",\"@id\":\"https:\/\/premiergroup.ca\/fr\/requests\/#breadcrumb\",\"itemListElement\":[{\"@type\":\"ListItem\",\"position\":1,\"name\":\"Home\",\"item\":\"https:\/\/premiergroup.ca\/fr\/\"},{\"@type\":\"ListItem\",\"position\":2,\"name\":\"Requests\"}]},{\"@type\":\"WebSite\",\"@id\":\"https:\/\/premiergroup.ca\/fr\/#website\",\"url\":\"https:\/\/premiergroup.ca\/fr\/\",\"name\":\"Premier\",\"description\":\"think Premier...for all your Specialty needs.\",\"potentialAction\":[{\"@type\":\"SearchAction\",\"target\":{\"@type\":\"EntryPoint\",\"urlTemplate\":\"https:\/\/premiergroup.ca\/fr\/?s={search_term_string}\"},\"query-input\":{\"@type\":\"PropertyValueSpecification\",\"valueRequired\":true,\"valueName\":\"search_term_string\"}}],\"inLanguage\":\"fr-FR\"}]}<\/script>\n<!-- \/ Yoast SEO plugin. -->","yoast_head_json":{"title":"CONTACTEZ-NOUS \u2013 NOUS SOMMES L\u00c0 POUR VOUS AIDER | Premier","robots":{"index":"index","follow":"follow","max-snippet":"max-snippet:-1","max-image-preview":"max-image-preview:large","max-video-preview":"max-video-preview:-1"},"canonical":"https:\/\/premiergroup.ca\/fr\/requests\/","og_locale":"fr_FR","og_type":"article","og_title":"CONTACTEZ-NOUS \u2013 NOUS SOMMES L\u00c0 POUR VOUS AIDER | Premier","og_description":"Les courriels indiqu\u00e9s ci-dessous sont le moyen id\u00e9al pour joindre Premier. Notre \u00e9quipe d\u00e9di\u00e9e les surveille attentivement afin de r\u00e9pondre \u00e0 vos demandes dans les meilleurs d\u00e9lais. Demande de soumission Envoyez vos demandes aux: Adresses Courriels Classes d&rsquo;affaires Nouvellemarine@premiergroup.ca Bateaux &hellip; Suite","og_url":"https:\/\/premiergroup.ca\/fr\/requests\/","og_site_name":"Premier","article_modified_time":"2025-01-07T19:42:24+00:00","twitter_misc":{"Dur\u00e9e de lecture estim\u00e9e":"1 minute"},"schema":{"@context":"https:\/\/schema.org","@graph":[{"@type":"WebPage","@id":"https:\/\/premiergroup.ca\/fr\/requests\/","url":"https:\/\/premiergroup.ca\/fr\/requests\/","name":"CONTACTEZ-NOUS \u2013 NOUS SOMMES L\u00c0 POUR VOUS AIDER | Premier","isPartOf":{"@id":"https:\/\/premiergroup.ca\/fr\/#website"},"datePublished":"2015-12-10T04:46:12+00:00","dateModified":"2025-01-07T19:42:24+00:00","breadcrumb":{"@id":"https:\/\/premiergroup.ca\/fr\/requests\/#breadcrumb"},"inLanguage":"fr-FR","potentialAction":[{"@type":"ReadAction","target":["https:\/\/premiergroup.ca\/fr\/requests\/"]}]},{"@type":"BreadcrumbList","@id":"https:\/\/premiergroup.ca\/fr\/requests\/#breadcrumb","itemListElement":[{"@type":"ListItem","position":1,"name":"Home","item":"https:\/\/premiergroup.ca\/fr\/"},{"@type":"ListItem","position":2,"name":"Requests"}]},{"@type":"WebSite","@id":"https:\/\/premiergroup.ca\/fr\/#website","url":"https:\/\/premiergroup.ca\/fr\/","name":"Premier","description":"think Premier...for all your Specialty needs.","potentialAction":[{"@type":"SearchAction","target":{"@type":"EntryPoint","urlTemplate":"https:\/\/premiergroup.ca\/fr\/?s={search_term_string}"},"query-input":{"@type":"PropertyValueSpecification","valueRequired":true,"valueName":"search_term_string"}}],"inLanguage":"fr-FR"}]}},"_links":{"self":[{"href":"https:\/\/premiergroup.ca\/fr\/wp-json\/wp\/v2\/pages\/7920","targetHints":{"allow":["GET"]}}],"collection":[{"href":"https:\/\/premiergroup.ca\/fr\/wp-json\/wp\/v2\/pages"}],"about":[{"href":"https:\/\/premiergroup.ca\/fr\/wp-json\/wp\/v2\/types\/page"}],"author":[{"embeddable":true,"href":"https:\/\/premiergroup.ca\/fr\/wp-json\/wp\/v2\/users\/9"}],"replies":[{"embeddable":true,"href":"https:\/\/premiergroup.ca\/fr\/wp-json\/wp\/v2\/comments?post=7920"}],"version-history":[{"count":0,"href":"https:\/\/premiergroup.ca\/fr\/wp-json\/wp\/v2\/pages\/7920\/revisions"}],"wp:attachment":[{"href":"https:\/\/premiergroup.ca\/fr\/wp-json\/wp\/v2\/media?parent=7920"}],"curies":[{"name":"wp","href":"https:\/\/api.w.org\/{rel}","templated":true}]}}