{"id":8388,"date":"2012-09-19T20:13:59","date_gmt":"2012-09-19T20:13:59","guid":{"rendered":"https:\/\/premiergroup.ca\/?page_id=8388"},"modified":"2023-11-16T16:40:10","modified_gmt":"2023-11-16T16:40:10","slug":"comment-soumettre-une-reclamation","status":"publish","type":"page","link":"https:\/\/premiergroup.ca\/fr\/claims\/comment-soumettre-une-reclamation\/","title":{"rendered":"Comment soumettre une r\u00e9clamation"},"content":{"rendered":"<h3>Pendant les heures d\u2019ouverture<\/h3>\n<p>Peu importe le type de r\u00e9clamation que vous devez soumettre, pendant les heures normales d\u2019ouverture, la premi\u00e8re \u00e9tape serait d\u2019entrer en communication avec votre courtier d\u2019assurance. Votre courtier d\u2019assurances sera en mesure de vous assister et il pourra ainsi passer au travers des d\u00e9tails importants avec vous. Il pourra ensuite nous soumettre la r\u00e9clamation. <strong>** Les courtiers d\u2019assurances doivent soumettre la r\u00e9clamation au nom de l\u2019assur\u00e9.<\/strong><\/p>\n<h3><strong>R\u00e9clamation habitation et risques divers<\/strong><\/h3>\n<ul>\n<li>Remplissez le <a href=\"https:\/\/premiergroup.ca\/fr\/documents\/propertylossnotice\/\" target=\"_blank\" rel=\"noopener noreferrer\"><u>formulaire d&rsquo;avis de sinistre Habitation<\/u><\/a> \/ <a href=\"https:\/\/premiergroup.ca\/fr\/documents\/liabilitylossnotice\/\" target=\"_blank\" rel=\"noopener noreferrer\"><u>Responsabilit\u00e9 civile<\/u><\/a> qui se trouve sous la section R\u00e9clamations de notre site web et cliquez sur Soumettre. Vous recevrez un accus\u00e9 de r\u00e9ception par courriel confirmant que le formulaire d&rsquo;avis de sinistre a bien \u00e9t\u00e9 re\u00e7u.<\/li>\n<li>Les documents suppl\u00e9mentaires pour les nouvelles r\u00e9clamations o\u00f9 les demandes de renseignements concernant les r\u00e9clamations peuvent \u00eatre envoy\u00e9es \u00e0: <a href=\"mailto:reclamations@premiergroup.ca\">reclamations@premiergroup.ca<\/a><\/li>\n<\/ul>\n<h3>R\u00e9clamation bateau de plaisance<\/h3>\n<ul>\n<li>Remplissez le <a href=\"https:\/\/premiergroup.ca\/fr\/documents\/marine-loss-notice\/\" target=\"_blank\" rel=\"noopener noreferrer\"><u>formulaire d&rsquo;avis de sinistre bateau de plaisance<\/u><\/a> qui se trouve sous la section R\u00e9clamations de notre site web et cliquez sur Soumettre. Vous recevrez un accus\u00e9 de r\u00e9ception par courriel confirmant que le formulaire d&rsquo;avis de sinistre a bien \u00e9t\u00e9 re\u00e7u.<\/li>\n<li>Les documents suppl\u00e9mentaires pour les nouvelles r\u00e9clamations o\u00f9 les demandes de renseignements concernant les r\u00e9clamations peuvent \u00eatre envoy\u00e9es \u00e0: <a href=\"mailto:reclamations@premiergroup.ca\">reclamations@premiergroup.ca<\/a><\/li>\n<\/ul>\n<h3>Urgence apr\u00e8s les heures d\u2019ouverture<\/h3>\n<ul>\n<li>Si votre r\u00e9clamation survient apr\u00e8s les heures d\u2019ouverture, vous pouvez communiquer avec notre service de r\u00e9clamation accessible 24 heures sur 24 en composant le 1-800-387-5677.<\/li>\n<\/ul>\n<p><strong>** Les courtiers d\u2019assurances doivent soumettre l\u2019avis de sinistre, m\u00eame dans le cas d\u2019un sinistre survenu apr\u00e8s les heures d\u2019ouverture et d\u00e9clar\u00e9 sur notre ligne d&rsquo;urgence.<\/strong><\/p>\n<h3><\/h3>\n","protected":false},"excerpt":{"rendered":"<p>Pendant les heures d\u2019ouverture Peu importe le type de r\u00e9clamation que vous devez soumettre, pendant les heures normales d\u2019ouverture, la premi\u00e8re \u00e9tape serait d\u2019entrer en communication avec votre courtier d\u2019assurance. Votre courtier d\u2019assurances sera en mesure de vous assister et &hellip; <a href=\"https:\/\/premiergroup.ca\/fr\/claims\/comment-soumettre-une-reclamation\/\">Suite<\/a><\/p>\n","protected":false},"author":6,"featured_media":0,"parent":4430,"menu_order":0,"comment_status":"open","ping_status":"closed","template":"","meta":{"_acf_changed":false,"footnotes":""},"class_list":["post-8388","page","type-page","status-publish","hentry"],"acf":[],"yoast_head":"<!-- This site is optimized with the Yoast SEO plugin v26.0 - https:\/\/yoast.com\/wordpress\/plugins\/seo\/ -->\n<title>Comment soumettre une r\u00e9clamation | Premier<\/title>\n<meta name=\"robots\" content=\"index, follow, max-snippet:-1, max-image-preview:large, max-video-preview:-1\" \/>\n<link rel=\"canonical\" href=\"https:\/\/premiergroup.ca\/fr\/claims\/comment-soumettre-une-reclamation\/\" \/>\n<meta property=\"og:locale\" content=\"fr_FR\" \/>\n<meta property=\"og:type\" content=\"article\" \/>\n<meta property=\"og:title\" content=\"Comment soumettre une r\u00e9clamation | Premier\" \/>\n<meta property=\"og:description\" content=\"Pendant les heures d\u2019ouverture Peu importe le type de r\u00e9clamation que vous devez soumettre, pendant les heures normales d\u2019ouverture, la premi\u00e8re \u00e9tape serait d\u2019entrer en communication avec votre courtier d\u2019assurance. Votre courtier d\u2019assurances sera en mesure de vous assister et &hellip; Suite\" \/>\n<meta property=\"og:url\" content=\"https:\/\/premiergroup.ca\/fr\/claims\/comment-soumettre-une-reclamation\/\" \/>\n<meta property=\"og:site_name\" content=\"Premier\" \/>\n<meta property=\"article:modified_time\" content=\"2023-11-16T16:40:10+00:00\" \/>\n<meta name=\"twitter:label1\" content=\"Dur\u00e9e de lecture estim\u00e9e\" \/>\n\t<meta name=\"twitter:data1\" content=\"2 minutes\" \/>\n<script type=\"application\/ld+json\" class=\"yoast-schema-graph\">{\"@context\":\"https:\/\/schema.org\",\"@graph\":[{\"@type\":\"WebPage\",\"@id\":\"https:\/\/premiergroup.ca\/fr\/claims\/comment-soumettre-une-reclamation\/\",\"url\":\"https:\/\/premiergroup.ca\/fr\/claims\/comment-soumettre-une-reclamation\/\",\"name\":\"Comment soumettre une r\u00e9clamation | Premier\",\"isPartOf\":{\"@id\":\"https:\/\/premiergroup.ca\/fr\/#website\"},\"datePublished\":\"2012-09-19T20:13:59+00:00\",\"dateModified\":\"2023-11-16T16:40:10+00:00\",\"breadcrumb\":{\"@id\":\"https:\/\/premiergroup.ca\/fr\/claims\/comment-soumettre-une-reclamation\/#breadcrumb\"},\"inLanguage\":\"fr-FR\",\"potentialAction\":[{\"@type\":\"ReadAction\",\"target\":[\"https:\/\/premiergroup.ca\/fr\/claims\/comment-soumettre-une-reclamation\/\"]}]},{\"@type\":\"BreadcrumbList\",\"@id\":\"https:\/\/premiergroup.ca\/fr\/claims\/comment-soumettre-une-reclamation\/#breadcrumb\",\"itemListElement\":[{\"@type\":\"ListItem\",\"position\":1,\"name\":\"Home\",\"item\":\"https:\/\/premiergroup.ca\/fr\/\"},{\"@type\":\"ListItem\",\"position\":2,\"name\":\"R\u00e9clamations\",\"item\":\"https:\/\/premiergroup.ca\/fr\/claims\/\"},{\"@type\":\"ListItem\",\"position\":3,\"name\":\"Comment soumettre une r\u00e9clamation\"}]},{\"@type\":\"WebSite\",\"@id\":\"https:\/\/premiergroup.ca\/fr\/#website\",\"url\":\"https:\/\/premiergroup.ca\/fr\/\",\"name\":\"Premier\",\"description\":\"think Premier...for all your Specialty needs.\",\"potentialAction\":[{\"@type\":\"SearchAction\",\"target\":{\"@type\":\"EntryPoint\",\"urlTemplate\":\"https:\/\/premiergroup.ca\/fr\/?s={search_term_string}\"},\"query-input\":{\"@type\":\"PropertyValueSpecification\",\"valueRequired\":true,\"valueName\":\"search_term_string\"}}],\"inLanguage\":\"fr-FR\"}]}<\/script>\n<!-- \/ Yoast SEO plugin. -->","yoast_head_json":{"title":"Comment soumettre une r\u00e9clamation | Premier","robots":{"index":"index","follow":"follow","max-snippet":"max-snippet:-1","max-image-preview":"max-image-preview:large","max-video-preview":"max-video-preview:-1"},"canonical":"https:\/\/premiergroup.ca\/fr\/claims\/comment-soumettre-une-reclamation\/","og_locale":"fr_FR","og_type":"article","og_title":"Comment soumettre une r\u00e9clamation | Premier","og_description":"Pendant les heures d\u2019ouverture Peu importe le type de r\u00e9clamation que vous devez soumettre, pendant les heures normales d\u2019ouverture, la premi\u00e8re \u00e9tape serait d\u2019entrer en communication avec votre courtier d\u2019assurance. Votre courtier d\u2019assurances sera en mesure de vous assister et &hellip; Suite","og_url":"https:\/\/premiergroup.ca\/fr\/claims\/comment-soumettre-une-reclamation\/","og_site_name":"Premier","article_modified_time":"2023-11-16T16:40:10+00:00","twitter_misc":{"Dur\u00e9e de lecture estim\u00e9e":"2 minutes"},"schema":{"@context":"https:\/\/schema.org","@graph":[{"@type":"WebPage","@id":"https:\/\/premiergroup.ca\/fr\/claims\/comment-soumettre-une-reclamation\/","url":"https:\/\/premiergroup.ca\/fr\/claims\/comment-soumettre-une-reclamation\/","name":"Comment soumettre une r\u00e9clamation | Premier","isPartOf":{"@id":"https:\/\/premiergroup.ca\/fr\/#website"},"datePublished":"2012-09-19T20:13:59+00:00","dateModified":"2023-11-16T16:40:10+00:00","breadcrumb":{"@id":"https:\/\/premiergroup.ca\/fr\/claims\/comment-soumettre-une-reclamation\/#breadcrumb"},"inLanguage":"fr-FR","potentialAction":[{"@type":"ReadAction","target":["https:\/\/premiergroup.ca\/fr\/claims\/comment-soumettre-une-reclamation\/"]}]},{"@type":"BreadcrumbList","@id":"https:\/\/premiergroup.ca\/fr\/claims\/comment-soumettre-une-reclamation\/#breadcrumb","itemListElement":[{"@type":"ListItem","position":1,"name":"Home","item":"https:\/\/premiergroup.ca\/fr\/"},{"@type":"ListItem","position":2,"name":"R\u00e9clamations","item":"https:\/\/premiergroup.ca\/fr\/claims\/"},{"@type":"ListItem","position":3,"name":"Comment soumettre une r\u00e9clamation"}]},{"@type":"WebSite","@id":"https:\/\/premiergroup.ca\/fr\/#website","url":"https:\/\/premiergroup.ca\/fr\/","name":"Premier","description":"think Premier...for all your Specialty needs.","potentialAction":[{"@type":"SearchAction","target":{"@type":"EntryPoint","urlTemplate":"https:\/\/premiergroup.ca\/fr\/?s={search_term_string}"},"query-input":{"@type":"PropertyValueSpecification","valueRequired":true,"valueName":"search_term_string"}}],"inLanguage":"fr-FR"}]}},"_links":{"self":[{"href":"https:\/\/premiergroup.ca\/fr\/wp-json\/wp\/v2\/pages\/8388","targetHints":{"allow":["GET"]}}],"collection":[{"href":"https:\/\/premiergroup.ca\/fr\/wp-json\/wp\/v2\/pages"}],"about":[{"href":"https:\/\/premiergroup.ca\/fr\/wp-json\/wp\/v2\/types\/page"}],"author":[{"embeddable":true,"href":"https:\/\/premiergroup.ca\/fr\/wp-json\/wp\/v2\/users\/6"}],"replies":[{"embeddable":true,"href":"https:\/\/premiergroup.ca\/fr\/wp-json\/wp\/v2\/comments?post=8388"}],"version-history":[{"count":0,"href":"https:\/\/premiergroup.ca\/fr\/wp-json\/wp\/v2\/pages\/8388\/revisions"}],"up":[{"embeddable":true,"href":"https:\/\/premiergroup.ca\/fr\/wp-json\/wp\/v2\/pages\/4430"}],"wp:attachment":[{"href":"https:\/\/premiergroup.ca\/fr\/wp-json\/wp\/v2\/media?parent=8388"}],"curies":[{"name":"wp","href":"https:\/\/api.w.org\/{rel}","templated":true}]}}